{"id":10,"date":"2025-02-13T16:10:28","date_gmt":"2025-02-13T16:10:28","guid":{"rendered":"https:\/\/fritzkreisler.org\/?page_id=10"},"modified":"2026-03-02T12:51:21","modified_gmt":"2026-03-02T12:51:21","slug":"home","status":"publish","type":"page","link":"https:\/\/fritzkreisler.com\/de\/","title":{"rendered":"Home"},"content":{"rendered":"<div data-elementor-type=\"wp-page\" data-elementor-id=\"10\" class=\"elementor elementor-10\" data-elementor-settings=\"{&quot;ha_cmc_init_switcher&quot;:&quot;no&quot;}\">\n\t\t\t\t<div class=\"has_eae_slider elementor-element elementor-element-99508b1 e-con-full e-flex wpr-particle-no wpr-jarallax-no wpr-parallax-no wpr-sticky-section-no e-con e-parent\" data-eae-slider=\"74667\" data-id=\"99508b1\" data-element_type=\"container\" data-settings=\"{&quot;_ha_eqh_enable&quot;:false}\">\n\t\t\t\t<div class=\"elementor-element elementor-element-f995563 elementor-widget elementor-widget-video\" data-id=\"f995563\" data-element_type=\"widget\" data-settings=\"{&quot;video_type&quot;:&quot;hosted&quot;,&quot;autoplay&quot;:&quot;yes&quot;,&quot;play_on_mobile&quot;:&quot;yes&quot;,&quot;mute&quot;:&quot;yes&quot;,&quot;loop&quot;:&quot;yes&quot;}\" data-widget_type=\"video.default\">\n\t\t\t\t<div class=\"elementor-widget-container\">\n\t\t\t\t\t\t\t<div class=\"e-hosted-video elementor-wrapper elementor-open-inline\">\n\t\t\t\t\t<video class=\"elementor-video\" src=\"https:\/\/fritzkreisler.com\/wp-content\/uploads\/2025\/03\/versioncolor.mp4\" autoplay=\"\" loop=\"\" muted=\"muted\" playsinline=\"\" controlslist=\"nodownload\"><\/video>\n\t\t\t\t<\/div>\n\t\t\t\t\t\t<\/div>\n\t\t\t\t<\/div>\n\t\t\t\t<\/div>\n\t\t<div class=\"has_eae_slider elementor-element elementor-element-c033720 e-flex e-con-boxed wpr-particle-no wpr-jarallax-no wpr-parallax-no wpr-sticky-section-no e-con e-parent\" data-eae-slider=\"31990\" data-id=\"c033720\" data-element_type=\"container\" data-settings=\"{&quot;_ha_eqh_enable&quot;:false}\">\n\t\t\t\t\t<div class=\"e-con-inner\">\n\t\t<div class=\"has_eae_slider elementor-element elementor-element-bdced12 e-con-full e-flex wpr-particle-no wpr-jarallax-no wpr-parallax-no wpr-sticky-section-no e-con e-child\" data-eae-slider=\"64958\" data-id=\"bdced12\" data-element_type=\"container\" data-settings=\"{&quot;_ha_eqh_enable&quot;:false}\">\n\t\t\t\t<div class=\"elementor-element elementor-element-fb91454 elementor-widget elementor-widget-heading\" data-id=\"fb91454\" data-element_type=\"widget\" data-widget_type=\"heading.default\">\n\t\t\t\t<div class=\"elementor-widget-container\">\n\t\t\t\t\t<h2 class=\"elementor-heading-title elementor-size-default\">FRITZ KREISLER INTERNATIONAL VIOLIN COMPETITION <\/h2>\t\t\t\t<\/div>\n\t\t\t\t<\/div>\n\t\t\t\t<div class=\"elementor-element elementor-element-a69ed0f elementor-widget-divider--view-line elementor-widget elementor-widget-divider\" data-id=\"a69ed0f\" data-element_type=\"widget\" data-widget_type=\"divider.default\">\n\t\t\t\t<div class=\"elementor-widget-container\">\n\t\t\t\t\t\t\t<div class=\"elementor-divider\">\n\t\t\t<span class=\"elementor-divider-separator\">\n\t\t\t\t\t\t<\/span>\n\t\t<\/div>\n\t\t\t\t\t\t<\/div>\n\t\t\t\t<\/div>\n\t\t\t\t<div class=\"elementor-element elementor-element-2c88d7b elementor-widget elementor-widget-text-editor\" data-id=\"2c88d7b\" data-element_type=\"widget\" data-widget_type=\"text-editor.default\">\n\t\t\t\t<div class=\"elementor-widget-container\">\n\t\t\t\t\t\t\t\t\t<h2><strong>Wichtiger Hinweis<\/strong><\/h2><p><strong><br \/>Der 11. Internationale Fritz-Kreisler-Violinwettbewerb wird im Jahr 2026 nicht stattfinden. Aktualisierte Informationen werden auf dieser Seite ver\u00f6ffentlicht, sobald die neuen Termine feststehen. Der Wettbewerb ist voraussichtlich f\u00fcr das Jahr 2028 geplant.<\/strong><\/p><p><strong>Bitte besuchen Sie diese Seite regelm\u00e4\u00dfig, um weitere Ank\u00fcndigungen zu erhalten.<\/strong><\/p>\t\t\t\t\t\t\t\t<\/div>\n\t\t\t\t<\/div>\n\t\t\t\t<\/div>\n\t\t\t\t\t<\/div>\n\t\t\t\t<\/div>\n\t\t<div class=\"has_eae_slider elementor-element elementor-element-e9b8932 e-flex e-con-boxed wpr-particle-no wpr-jarallax-no wpr-parallax-no wpr-sticky-section-no e-con e-parent\" data-eae-slider=\"72910\" data-id=\"e9b8932\" data-element_type=\"container\" data-settings=\"{&quot;_ha_eqh_enable&quot;:false}\">\n\t\t\t\t\t<div class=\"e-con-inner\">\n\t\t\t\t<div class=\"elementor-element elementor-element-24f15aa elementor-widget elementor-widget-ha-slider happy-addon ha-slider\" data-id=\"24f15aa\" data-element_type=\"widget\" data-settings=\"{&quot;animation_speed&quot;:300,&quot;autoplay&quot;:&quot;yes&quot;,&quot;autoplay_speed&quot;:3000,&quot;loop&quot;:&quot;yes&quot;,&quot;slides_transition&quot;:&quot;slide&quot;,&quot;navigation&quot;:&quot;arrow&quot;}\" data-widget_type=\"ha-slider.default\">\n\t\t\t\t<div class=\"elementor-widget-container\">\n\t\t\t\t\t\n\t\t<div class=\"hajs-slick ha-slick ha-slick--slider\">\n\n\t\t\t\n\t\t\t\t<div class=\"ha-slick-slide slick-slide\">\n\t\t\t\t\t<div class=\"ha-slick-item\">\n\t\t\t\t\t\t\t\t\t\t\t\t\t<img decoding=\"async\" class=\"ha-slick-img\" src=\"https:\/\/fritzkreisler.com\/wp-content\/uploads\/2026\/03\/FK_slide__en.jpg\" alt=\"\">\n\t\t\t\t\t\t\n\t\t\t\t\t\t\t\t\t\t\t<\/div>\n\t\t\t\t<\/div>\n\n\t\t\t\n\t\t\t\t<div class=\"ha-slick-slide slick-slide\">\n\t\t\t\t\t<div class=\"ha-slick-item\">\n\t\t\t\t\t\t\t\t\t\t\t\t\t<img decoding=\"async\" class=\"ha-slick-img\" src=\"https:\/\/fritzkreisler.com\/wp-content\/uploads\/2025\/04\/2_FK_slide1_n.jpg\" alt=\"\">\n\t\t\t\t\t\t\n\t\t\t\t\t\t\t\t\t\t\t<\/div>\n\t\t\t\t<\/div>\n\n\t\t\t\n\t\t\t\t<div class=\"ha-slick-slide slick-slide\">\n\t\t\t\t\t<div class=\"ha-slick-item\">\n\t\t\t\t\t\t\t\t\t\t\t\t\t<img decoding=\"async\" class=\"ha-slick-img\" src=\"https:\/\/fritzkreisler.com\/wp-content\/uploads\/2025\/04\/3_FK_slide_courage.jpg\" alt=\"\">\n\t\t\t\t\t\t\n\t\t\t\t\t\t\t\t\t\t\t<\/div>\n\t\t\t\t<\/div>\n\n\t\t\t\n\t\t\t\t<div class=\"ha-slick-slide slick-slide\">\n\t\t\t\t\t<div class=\"ha-slick-item\">\n\t\t\t\t\t\t\t\t\t\t\t\t\t<img decoding=\"async\" class=\"ha-slick-img\" src=\"https:\/\/fritzkreisler.com\/wp-content\/uploads\/2025\/04\/4_FK_slide4.jpg\" alt=\"\">\n\t\t\t\t\t\t\n\t\t\t\t\t\t\t\t\t\t\t<\/div>\n\t\t\t\t<\/div>\n\n\t\t\t\n\t\t<\/div>\n\n\t\t\t\t\t<button type=\"button\" class=\"slick-prev\"><svg aria-hidden=\"true\" class=\"e-font-icon-svg e-fas-chevron-left\" viewbox=\"0 0 320 512\" xmlns=\"http:\/\/www.w3.org\/2000\/svg\"><path d=\"M34.52 239.03L228.87 44.69c9.37-9.37 24.57-9.37 33.94 0l22.67 22.67c9.36 9.36 9.37 24.52.04 33.9L131.49 256l154.02 154.75c9.34 9.38 9.32 24.54-.04 33.9l-22.67 22.67c-9.37 9.37-24.57 9.37-33.94 0L34.52 272.97c-9.37-9.37-9.37-24.57 0-33.94z\"><\/path><\/svg><\/button>\n\t\t\n\t\t\t\t\t<button type=\"button\" class=\"slick-next\"><svg aria-hidden=\"true\" class=\"e-font-icon-svg e-fas-chevron-right\" viewbox=\"0 0 320 512\" xmlns=\"http:\/\/www.w3.org\/2000\/svg\"><path d=\"M285.476 272.971L91.132 467.314c-9.373 9.373-24.569 9.373-33.941 0l-22.667-22.667c-9.357-9.357-9.375-24.522-.04-33.901L188.505 256 34.484 101.255c-9.335-9.379-9.317-24.544.04-33.901l22.667-22.667c9.373-9.373 24.569-9.373 33.941 0L285.475 239.03c9.373 9.372 9.373 24.568.001 33.941z\"><\/path><\/svg><\/button>\n\t\t\n\t\t\t\t\t\t<\/div>\n\t\t\t\t<\/div>\n\t\t\t\t\t<\/div>\n\t\t\t\t<\/div>\n\t\t<div class=\"has_eae_slider elementor-element elementor-element-8dd8463 e-flex e-con-boxed wpr-particle-no wpr-jarallax-no wpr-parallax-no wpr-sticky-section-no e-con e-parent\" data-eae-slider=\"91610\" data-id=\"8dd8463\" data-element_type=\"container\" data-settings=\"{&quot;_ha_eqh_enable&quot;:false}\">\n\t\t\t\t\t<div class=\"e-con-inner\">\n\t\t<div class=\"has_eae_slider elementor-element elementor-element-353ae13 e-con-full e-flex wpr-particle-no wpr-jarallax-no wpr-parallax-no wpr-sticky-section-no e-con e-child\" data-eae-slider=\"59241\" data-id=\"353ae13\" data-element_type=\"container\" data-settings=\"{&quot;_ha_eqh_enable&quot;:false}\">\n\t\t\t\t<div class=\"elementor-element elementor-element-874210b elementor-widget elementor-widget-heading\" data-id=\"874210b\" data-element_type=\"widget\" data-widget_type=\"heading.default\">\n\t\t\t\t<div class=\"elementor-widget-container\">\n\t\t\t\t\t<h2 class=\"elementor-heading-title elementor-size-default\">SPIELORTE<\/h2>\t\t\t\t<\/div>\n\t\t\t\t<\/div>\n\t\t\t\t<div class=\"elementor-element elementor-element-b254569 elementor-widget-divider--view-line elementor-widget elementor-widget-divider\" data-id=\"b254569\" data-element_type=\"widget\" data-widget_type=\"divider.default\">\n\t\t\t\t<div class=\"elementor-widget-container\">\n\t\t\t\t\t\t\t<div class=\"elementor-divider\">\n\t\t\t<span class=\"elementor-divider-separator\">\n\t\t\t\t\t\t<\/span>\n\t\t<\/div>\n\t\t\t\t\t\t<\/div>\n\t\t\t\t<\/div>\n\t\t\t\t<\/div>\n\t\t\t\t\t<\/div>\n\t\t\t\t<\/div>\n\t\t<div class=\"has_eae_slider elementor-element elementor-element-af16d22 e-flex e-con-boxed wpr-particle-no wpr-jarallax-no wpr-parallax-no wpr-sticky-section-no e-con e-parent\" data-eae-slider=\"10703\" data-id=\"af16d22\" data-element_type=\"container\" data-settings=\"{&quot;_ha_eqh_enable&quot;:false}\">\n\t\t\t\t\t<div class=\"e-con-inner\">\n\t\t<div class=\"has_eae_slider elementor-element elementor-element-45cdbbc e-con-full e-flex wpr-particle-no wpr-jarallax-no wpr-parallax-no wpr-sticky-section-no e-con e-child\" data-eae-slider=\"86285\" data-id=\"45cdbbc\" data-element_type=\"container\" data-settings=\"{&quot;_ha_eqh_enable&quot;:false}\">\n\t\t\t\t<div class=\"elementor-element elementor-element-d913091 elementor-widget elementor-widget-image\" data-id=\"d913091\" data-element_type=\"widget\" data-widget_type=\"image.default\">\n\t\t\t\t<div class=\"elementor-widget-container\">\n\t\t\t\t\t\t\t\t\t\t\t\t\t\t\t\t<a href=\"https:\/\/konzerthaus.at\/\" target=\"_blank\">\n\t\t\t\t\t\t\t<img fetchpriority=\"high\" decoding=\"async\" width=\"682\" height=\"168\" src=\"https:\/\/fritzkreisler.com\/wp-content\/uploads\/2025\/03\/Screenshot-2025-03-05-at-19.38.20.png\" class=\"attachment-large size-large wp-image-603\" alt=\"\" srcset=\"https:\/\/fritzkreisler.com\/wp-content\/uploads\/2025\/03\/Screenshot-2025-03-05-at-19.38.20.png 682w, https:\/\/fritzkreisler.com\/wp-content\/uploads\/2025\/03\/Screenshot-2025-03-05-at-19.38.20-300x74.png 300w, https:\/\/fritzkreisler.com\/wp-content\/uploads\/2025\/03\/Screenshot-2025-03-05-at-19.38.20-18x4.png 18w\" sizes=\"(max-width: 682px) 100vw, 682px\" \/>\t\t\t\t\t\t\t\t<\/a>\n\t\t\t\t\t\t\t\t\t\t\t\t\t\t\t<\/div>\n\t\t\t\t<\/div>\n\t\t\t\t<div class=\"elementor-element elementor-element-d088e7a elementor-widget elementor-widget-image\" data-id=\"d088e7a\" data-element_type=\"widget\" data-widget_type=\"image.default\">\n\t\t\t\t<div class=\"elementor-widget-container\">\n\t\t\t\t\t\t\t\t\t\t\t\t\t\t\t\t<a href=\"https:\/\/konzerthaus.at\/\" target=\"_blank\">\n\t\t\t\t\t\t\t<img decoding=\"async\" width=\"800\" height=\"534\" src=\"https:\/\/fritzkreisler.com\/wp-content\/uploads\/2025\/03\/Wiener-Konzerthaus-cRupert-Steiner-1024x683.jpg\" class=\"attachment-large size-large wp-image-619\" alt=\"\" srcset=\"https:\/\/fritzkreisler.com\/wp-content\/uploads\/2025\/03\/Wiener-Konzerthaus-cRupert-Steiner-1024x683.jpg 1024w, https:\/\/fritzkreisler.com\/wp-content\/uploads\/2025\/03\/Wiener-Konzerthaus-cRupert-Steiner-300x200.jpg 300w, https:\/\/fritzkreisler.com\/wp-content\/uploads\/2025\/03\/Wiener-Konzerthaus-cRupert-Steiner-768x512.jpg 768w, https:\/\/fritzkreisler.com\/wp-content\/uploads\/2025\/03\/Wiener-Konzerthaus-cRupert-Steiner-18x12.jpg 18w, https:\/\/fritzkreisler.com\/wp-content\/uploads\/2025\/03\/Wiener-Konzerthaus-cRupert-Steiner.jpg 1500w\" sizes=\"(max-width: 800px) 100vw, 800px\" \/>\t\t\t\t\t\t\t\t<\/a>\n\t\t\t\t\t\t\t\t\t\t\t\t\t\t\t<\/div>\n\t\t\t\t<\/div>\n\t\t\t\t<\/div>\n\t\t<div class=\"has_eae_slider elementor-element elementor-element-32acc8f e-con-full e-flex wpr-particle-no wpr-jarallax-no wpr-parallax-no wpr-sticky-section-no e-con e-child\" data-eae-slider=\"38858\" data-id=\"32acc8f\" data-element_type=\"container\" data-settings=\"{&quot;_ha_eqh_enable&quot;:false}\">\n\t\t\t\t<div class=\"elementor-element elementor-element-33fee96 elementor-widget elementor-widget-image\" data-id=\"33fee96\" data-element_type=\"widget\" data-widget_type=\"image.default\">\n\t\t\t\t<div class=\"elementor-widget-container\">\n\t\t\t\t\t\t\t\t\t\t\t\t\t\t\t\t<a href=\"https:\/\/www.mdw.ac.at\/\" target=\"_blank\">\n\t\t\t\t\t\t\t<img decoding=\"async\" width=\"682\" height=\"168\" src=\"https:\/\/fritzkreisler.com\/wp-content\/uploads\/2025\/03\/mdw.png\" class=\"attachment-large size-large wp-image-608\" alt=\"\" srcset=\"https:\/\/fritzkreisler.com\/wp-content\/uploads\/2025\/03\/mdw.png 682w, https:\/\/fritzkreisler.com\/wp-content\/uploads\/2025\/03\/mdw-300x74.png 300w, https:\/\/fritzkreisler.com\/wp-content\/uploads\/2025\/03\/mdw-18x4.png 18w\" sizes=\"(max-width: 682px) 100vw, 682px\" \/>\t\t\t\t\t\t\t\t<\/a>\n\t\t\t\t\t\t\t\t\t\t\t\t\t\t\t<\/div>\n\t\t\t\t<\/div>\n\t\t\t\t<div class=\"elementor-element elementor-element-a1f7368 elementor-widget elementor-widget-image\" data-id=\"a1f7368\" data-element_type=\"widget\" data-widget_type=\"image.default\">\n\t\t\t\t<div class=\"elementor-widget-container\">\n\t\t\t\t\t\t\t\t\t\t\t\t\t\t\t\t<a href=\"https:\/\/www.mdw.ac.at\/\" target=\"_blank\">\n\t\t\t\t\t\t\t<img loading=\"lazy\" decoding=\"async\" width=\"800\" height=\"534\" src=\"https:\/\/fritzkreisler.com\/wp-content\/uploads\/2025\/03\/mdw-gebaeude_5898_cmarcell_nimfuhr-1024x683.jpg\" class=\"attachment-large size-large wp-image-620\" alt=\"\" srcset=\"https:\/\/fritzkreisler.com\/wp-content\/uploads\/2025\/03\/mdw-gebaeude_5898_cmarcell_nimfuhr-1024x683.jpg 1024w, https:\/\/fritzkreisler.com\/wp-content\/uploads\/2025\/03\/mdw-gebaeude_5898_cmarcell_nimfuhr-300x200.jpg 300w, https:\/\/fritzkreisler.com\/wp-content\/uploads\/2025\/03\/mdw-gebaeude_5898_cmarcell_nimfuhr-768x512.jpg 768w, https:\/\/fritzkreisler.com\/wp-content\/uploads\/2025\/03\/mdw-gebaeude_5898_cmarcell_nimfuhr-18x12.jpg 18w, https:\/\/fritzkreisler.com\/wp-content\/uploads\/2025\/03\/mdw-gebaeude_5898_cmarcell_nimfuhr.jpg 1500w\" sizes=\"(max-width: 800px) 100vw, 800px\" \/>\t\t\t\t\t\t\t\t<\/a>\n\t\t\t\t\t\t\t\t\t\t\t\t\t\t\t<\/div>\n\t\t\t\t<\/div>\n\t\t\t\t<\/div>\n\t\t\t\t\t<\/div>\n\t\t\t\t<\/div>\n\t\t\t\t<\/div>","protected":false},"excerpt":{"rendered":"<p>https:\/\/fritzkreisler.com\/wp-content\/uploads\/2025\/03\/versioncolor.mp4 FRITZ KREISLER INTERNATIONAL VIOLIN COMPETITION Important Notice The 11th Fritz Kreisler International Violin Competition will not take place in 2026. Updated information will be published on this page as soon as the new dates have been confirmed. The competition is currently expected to be rescheduled for 2028. We invite you to check this page regularly for further announcements. VENUES<\/p>","protected":false},"author":1,"featured_media":0,"parent":0,"menu_order":0,"comment_status":"closed","ping_status":"closed","template":"","meta":{"inline_featured_image":false,"_uag_custom_page_level_css":"","footnotes":""},"class_list":["post-10","page","type-page","status-publish","hentry"],"uagb_featured_image_src":{"full":false,"thumbnail":false,"medium":false,"medium_large":false,"large":false,"1536x1536":false,"2048x2048":false,"trp-custom-language-flag":false},"uagb_author_info":{"display_name":"fritz.kreisler.competition","author_link":"https:\/\/fritzkreisler.com\/de\/author\/fritz-kreisler-competition\/"},"uagb_comment_info":0,"uagb_excerpt":"https:\/\/fritzkreisler.com\/wp-content\/uploads\/2025\/03\/versioncolor.mp4 FRITZ KREISLER INTERNATIONAL VIOLIN COMPETITION Important Notice The 11th Fritz Kreisler International Violin Competition will not take place in 2026. Updated information will be published on this page as soon as the new dates have been confirmed. The competition is currently expected to be rescheduled for 2028. We invite you to check this page&hellip;","_links":{"self":[{"href":"https:\/\/fritzkreisler.com\/de\/wp-json\/wp\/v2\/pages\/10","targetHints":{"allow":["GET"]}}],"collection":[{"href":"https:\/\/fritzkreisler.com\/de\/wp-json\/wp\/v2\/pages"}],"about":[{"href":"https:\/\/fritzkreisler.com\/de\/wp-json\/wp\/v2\/types\/page"}],"author":[{"embeddable":true,"href":"https:\/\/fritzkreisler.com\/de\/wp-json\/wp\/v2\/users\/1"}],"replies":[{"embeddable":true,"href":"https:\/\/fritzkreisler.com\/de\/wp-json\/wp\/v2\/comments?post=10"}],"version-history":[{"count":242,"href":"https:\/\/fritzkreisler.com\/de\/wp-json\/wp\/v2\/pages\/10\/revisions"}],"predecessor-version":[{"id":2729,"href":"https:\/\/fritzkreisler.com\/de\/wp-json\/wp\/v2\/pages\/10\/revisions\/2729"}],"wp:attachment":[{"href":"https:\/\/fritzkreisler.com\/de\/wp-json\/wp\/v2\/media?parent=10"}],"curies":[{"name":"wp","href":"https:\/\/api.w.org\/{rel}","templated":true}]}}