{"id":2233,"date":"2025-04-08T17:39:17","date_gmt":"2025-04-08T17:39:17","guid":{"rendered":"https:\/\/fritzkreisler.org\/?page_id=2233"},"modified":"2025-04-25T17:42:31","modified_gmt":"2025-04-25T17:42:31","slug":"organization-info","status":"publish","type":"page","link":"https:\/\/fritzkreisler.com\/de\/organization-info\/","title":{"rendered":"Organization info"},"content":{"rendered":"<div data-elementor-type=\"wp-page\" data-elementor-id=\"2233\" class=\"elementor elementor-2233\" data-elementor-settings=\"{&quot;ha_cmc_init_switcher&quot;:&quot;no&quot;}\">\n\t\t\t\t<div class=\"has_eae_slider elementor-element elementor-element-272edc9 e-flex e-con-boxed wpr-particle-no wpr-jarallax-no wpr-parallax-no wpr-sticky-section-no e-con e-parent\" data-eae-slider=\"24606\" data-id=\"272edc9\" data-element_type=\"container\" data-settings=\"{&quot;_ha_eqh_enable&quot;:false}\">\n\t\t\t\t\t<div class=\"e-con-inner\">\n\t\t<div class=\"has_eae_slider elementor-element elementor-element-2698cd6 e-con-full e-flex wpr-particle-no wpr-jarallax-no wpr-parallax-no wpr-sticky-section-no e-con e-child\" data-eae-slider=\"60467\" data-id=\"2698cd6\" data-element_type=\"container\" data-settings=\"{&quot;_ha_eqh_enable&quot;:false}\">\n\t\t\t\t<div class=\"elementor-element elementor-element-052f59e elementor-widget elementor-widget-heading\" data-id=\"052f59e\" data-element_type=\"widget\" data-widget_type=\"heading.default\">\n\t\t\t\t<div class=\"elementor-widget-container\">\n\t\t\t\t\t<h2 class=\"elementor-heading-title elementor-size-default\">ORGANISATION<\/h2>\t\t\t\t<\/div>\n\t\t\t\t<\/div>\n\t\t\t\t<div class=\"elementor-element elementor-element-8fe87e5 elementor-widget-divider--view-line elementor-widget elementor-widget-divider\" data-id=\"8fe87e5\" data-element_type=\"widget\" data-widget_type=\"divider.default\">\n\t\t\t\t<div class=\"elementor-widget-container\">\n\t\t\t\t\t\t\t<div class=\"elementor-divider\">\n\t\t\t<span class=\"elementor-divider-separator\">\n\t\t\t\t\t\t<\/span>\n\t\t<\/div>\n\t\t\t\t\t\t<\/div>\n\t\t\t\t<\/div>\n\t\t\t\t<div class=\"elementor-element elementor-element-7890e46 elementor-widget elementor-widget-text-editor\" data-id=\"7890e46\" data-element_type=\"widget\" data-widget_type=\"text-editor.default\">\n\t\t\t\t<div class=\"elementor-widget-container\">\n\t\t\t\t\t\t\t\t\t<p>Die Fritz-Kreisler-Gesellschaft organisiert seit 1979 den Internationalen Fritz-Kreisler-Violinwettbewerb im Musikverein oder Konzerthaus in Wien, \u00d6sterreich. Der Wettbewerb ist Mitglied der F\u00e9d\u00e9ration Mondiale des Concours Internationaux de Musique in Genf und findet alle vier Jahre statt.<\/p><p>Mit der Organisation des bedeutendsten internationalen Violinwettbewerbs \u00d6sterreichs leistet die Fritz Kreisler Gesellschaft einen wesentlichen Beitrag zur F\u00f6rderung der kommenden Generation herausragender Geigerinnen und Geiger sowie zur Bewahrung des musikalischen und humanit\u00e4ren Erbes des gro\u00dfen \u00f6sterreichischen Violinvirtuosen und Komponisten Fritz Kreisler.<\/p><p>Die Fritz-Kreisler-Gesellschaft wurde k\u00fcrzlich neu strukturiert, mit dem Ziel, den Wettbewerb noch attraktiver zu gestalten und \u2013 in Zusammenarbeit mit bestehenden sowie neuen F\u00f6rderern und Sponsoren \u2013 erneut ein erstklassiges musikalisches Kulturevent auszurichten.<\/p><p>Dar\u00fcber hinaus plant die Fritz Kreisler Gesellschaft, mit Unterst\u00fctzung von F\u00f6rdergebern und Sponsoren, die Umsetzung folgender Vorhaben:<\/p><ul><li>Finanzielle Unterst\u00fctzung junger, vielversprechender Violinistinnen und Violinisten, die in \u00d6sterreich studieren (Talent-Stipendienfonds)<\/li><\/ul><ul><li>Organisation internationaler Meisterklassen zur F\u00f6rderung der n\u00e4chsten Generation herausragender Violinsolistinnen und -solisten sowie Fortbildungskurse f\u00fcr junge Violinp\u00e4dagoginnen und -p\u00e4dagogen in \u00d6sterreich<\/li><\/ul><ul><li>Wissenschaftliche Forschung<\/li><\/ul><ul><li>Veranstaltungen zur W\u00fcrdigung des musikalischen Erbes von Fritz Kreisler<\/li><\/ul>\t\t\t\t\t\t\t\t<\/div>\n\t\t\t\t<\/div>\n\t\t\t\t<\/div>\n\t\t\t\t\t<\/div>\n\t\t\t\t<\/div>\n\t\t<div class=\"has_eae_slider elementor-element elementor-element-54382b6 e-flex e-con-boxed wpr-particle-no wpr-jarallax-no wpr-parallax-no wpr-sticky-section-no e-con e-parent\" data-eae-slider=\"91261\" data-id=\"54382b6\" data-element_type=\"container\" data-settings=\"{&quot;_ha_eqh_enable&quot;:false}\">\n\t\t\t\t\t<div class=\"e-con-inner\">\n\t\t\t\t<div class=\"elementor-element elementor-element-3a55b79 elementor-widget elementor-widget-image\" data-id=\"3a55b79\" data-element_type=\"widget\" data-widget_type=\"image.default\">\n\t\t\t\t<div class=\"elementor-widget-container\">\n\t\t\t\t\t\t\t\t\t\t\t\t\t\t\t<img fetchpriority=\"high\" decoding=\"async\" width=\"2048\" height=\"1536\" src=\"https:\/\/fritzkreisler.com\/wp-content\/uploads\/2025\/04\/FK_m2.jpg\" class=\"attachment-full size-full wp-image-2401\" alt=\"\" srcset=\"https:\/\/fritzkreisler.com\/wp-content\/uploads\/2025\/04\/FK_m2.jpg 2048w, https:\/\/fritzkreisler.com\/wp-content\/uploads\/2025\/04\/FK_m2-300x225.jpg 300w, https:\/\/fritzkreisler.com\/wp-content\/uploads\/2025\/04\/FK_m2-1024x768.jpg 1024w, https:\/\/fritzkreisler.com\/wp-content\/uploads\/2025\/04\/FK_m2-768x576.jpg 768w, https:\/\/fritzkreisler.com\/wp-content\/uploads\/2025\/04\/FK_m2-1536x1152.jpg 1536w, https:\/\/fritzkreisler.com\/wp-content\/uploads\/2025\/04\/FK_m2-16x12.jpg 16w\" sizes=\"(max-width: 2048px) 100vw, 2048px\" \/>\t\t\t\t\t\t\t\t\t\t\t\t\t\t\t<\/div>\n\t\t\t\t<\/div>\n\t\t\t\t\t<\/div>\n\t\t\t\t<\/div>\n\t\t<div class=\"has_eae_slider elementor-element elementor-element-2da8561 e-flex e-con-boxed wpr-particle-no wpr-jarallax-no wpr-parallax-no wpr-sticky-section-no e-con e-parent\" data-eae-slider=\"41728\" data-id=\"2da8561\" data-element_type=\"container\" data-settings=\"{&quot;_ha_eqh_enable&quot;:false}\">\n\t\t\t\t\t<div class=\"e-con-inner\">\n\t\t\t\t<div class=\"elementor-element elementor-element-251a21b elementor-align-center elementor-widget elementor-widget-button\" data-id=\"251a21b\" data-element_type=\"widget\" data-widget_type=\"button.default\">\n\t\t\t\t<div class=\"elementor-widget-container\">\n\t\t\t\t\t\t\t\t\t<div class=\"elementor-button-wrapper\">\n\t\t\t\t\t<a class=\"elementor-button elementor-button-link elementor-size-sm\" href=\"https:\/\/fritzkreisler.com\/de\/organization\/\">\n\t\t\t\t\t\t<span class=\"elementor-button-content-wrapper\">\n\t\t\t\t\t\t\t\t\t<span class=\"elementor-button-text\">back<\/span>\n\t\t\t\t\t<\/span>\n\t\t\t\t\t<\/a>\n\t\t\t\t<\/div>\n\t\t\t\t\t\t\t\t<\/div>\n\t\t\t\t<\/div>\n\t\t\t\t\t<\/div>\n\t\t\t\t<\/div>\n\t\t\t\t<\/div>","protected":false},"excerpt":{"rendered":"<p>ORGANIZATION The Fritz Kreisler Society has been organizing the International Fritz Kreisler Violin Competition since 1979 at the Musikverein or Konzerthaus in Vienna, Austria. The Competition is a member of the F\u00e9d\u00e9ration Mondiale des Concours Internationaux de Musique, Geneva, and takes place every four years. In organizing Austria\u2019s most important international violin competition the Fritz Kreisler Society makes a significant contribution to supporting the future generation of top violinists and to preserving the musical and humanitarian heritage of the great Austrian violin virtuoso and composer, Fritz Kreisler. The Fritz Kreisler Society was recently restructured and a goal was set to make the Competition even more attractive and, in cooperation with existing as well as new funders and sponsors, to once again host a first class musical cultural event. Furthermore, the Fritz Kreisler Society plans, with the help of funders and sponsors, to undertake the: Financial support of young, promising violinists studying in Austria (Talent-Scholarship funds) Organization of international master classes to support the next generation of top violin soloists as well as advanced courses for teachers (young violin pedagogues) in Austria Scientific research Events to commemorate the musical legacy of Fritz Kreisler back<\/p>","protected":false},"author":1,"featured_media":0,"parent":0,"menu_order":0,"comment_status":"closed","ping_status":"closed","template":"","meta":{"inline_featured_image":false,"_uag_custom_page_level_css":"","footnotes":""},"class_list":["post-2233","page","type-page","status-publish","hentry"],"uagb_featured_image_src":{"full":false,"thumbnail":false,"medium":false,"medium_large":false,"large":false,"1536x1536":false,"2048x2048":false,"trp-custom-language-flag":false},"uagb_author_info":{"display_name":"fritz.kreisler.competition","author_link":"https:\/\/fritzkreisler.com\/de\/author\/fritz-kreisler-competition\/"},"uagb_comment_info":0,"uagb_excerpt":"ORGANIZATION The Fritz Kreisler Society has been organizing the International Fritz Kreisler Violin Competition since 1979 at the Musikverein or Konzerthaus in Vienna, Austria. The Competition is a member of the F\u00e9d\u00e9ration Mondiale des Concours Internationaux de Musique, Geneva, and takes place every four years. In organizing Austria\u2019s most important international violin competition the Fritz&hellip;","_links":{"self":[{"href":"https:\/\/fritzkreisler.com\/de\/wp-json\/wp\/v2\/pages\/2233","targetHints":{"allow":["GET"]}}],"collection":[{"href":"https:\/\/fritzkreisler.com\/de\/wp-json\/wp\/v2\/pages"}],"about":[{"href":"https:\/\/fritzkreisler.com\/de\/wp-json\/wp\/v2\/types\/page"}],"author":[{"embeddable":true,"href":"https:\/\/fritzkreisler.com\/de\/wp-json\/wp\/v2\/users\/1"}],"replies":[{"embeddable":true,"href":"https:\/\/fritzkreisler.com\/de\/wp-json\/wp\/v2\/comments?post=2233"}],"version-history":[{"count":17,"href":"https:\/\/fritzkreisler.com\/de\/wp-json\/wp\/v2\/pages\/2233\/revisions"}],"predecessor-version":[{"id":2524,"href":"https:\/\/fritzkreisler.com\/de\/wp-json\/wp\/v2\/pages\/2233\/revisions\/2524"}],"wp:attachment":[{"href":"https:\/\/fritzkreisler.com\/de\/wp-json\/wp\/v2\/media?parent=2233"}],"curies":[{"name":"wp","href":"https:\/\/api.w.org\/{rel}","templated":true}]}}