{"id":2332,"date":"2025-04-26T08:10:47","date_gmt":"2025-04-26T08:10:47","guid":{"rendered":"https:\/\/fritzkreisler.org\/?page_id=2332"},"modified":"2025-04-26T09:47:22","modified_gmt":"2025-04-26T09:47:22","slug":"competition","status":"publish","type":"page","link":"https:\/\/fritzkreisler.com\/de\/competition\/","title":{"rendered":"competition"},"content":{"rendered":"<div data-elementor-type=\"wp-page\" data-elementor-id=\"2332\" class=\"elementor elementor-2332\" data-elementor-settings=\"{&quot;ha_cmc_init_switcher&quot;:&quot;no&quot;}\">\n\t\t\t\t<div class=\"has_eae_slider elementor-element elementor-element-f284880 e-flex e-con-boxed wpr-particle-no wpr-jarallax-no wpr-parallax-no wpr-sticky-section-no e-con e-parent\" data-eae-slider=\"73926\" data-id=\"f284880\" data-element_type=\"container\" data-settings=\"{&quot;_ha_eqh_enable&quot;:false}\">\n\t\t\t\t\t<div class=\"e-con-inner\">\n\t\t<div class=\"has_eae_slider elementor-element elementor-element-f598255 e-con-full e-flex wpr-particle-no wpr-jarallax-no wpr-parallax-no wpr-sticky-section-no e-con e-child\" data-eae-slider=\"85565\" data-id=\"f598255\" data-element_type=\"container\" data-settings=\"{&quot;_ha_eqh_enable&quot;:false}\">\n\t\t\t\t<div class=\"elementor-element elementor-element-fabc1c1 elementor-widget elementor-widget-heading\" data-id=\"fabc1c1\" data-element_type=\"widget\" data-widget_type=\"heading.default\">\n\t\t\t\t<div class=\"elementor-widget-container\">\n\t\t\t\t\t<h2 class=\"elementor-heading-title elementor-size-default\">The Competition<\/h2>\t\t\t\t<\/div>\n\t\t\t\t<\/div>\n\t\t\t\t<div class=\"elementor-element elementor-element-19ea971 elementor-widget-divider--view-line elementor-widget elementor-widget-divider\" data-id=\"19ea971\" data-element_type=\"widget\" data-widget_type=\"divider.default\">\n\t\t\t\t<div class=\"elementor-widget-container\">\n\t\t\t\t\t\t\t<div class=\"elementor-divider\">\n\t\t\t<span class=\"elementor-divider-separator\">\n\t\t\t\t\t\t<\/span>\n\t\t<\/div>\n\t\t\t\t\t\t<\/div>\n\t\t\t\t<\/div>\n\t\t\t\t<\/div>\n\t\t\t\t\t<\/div>\n\t\t\t\t<\/div>\n\t\t<div class=\"has_eae_slider elementor-element elementor-element-fc5195f e-flex e-con-boxed wpr-particle-no wpr-jarallax-no wpr-parallax-no wpr-sticky-section-no e-con e-parent\" data-eae-slider=\"92536\" data-id=\"fc5195f\" data-element_type=\"container\" data-settings=\"{&quot;_ha_eqh_enable&quot;:false}\">\n\t\t\t\t\t<div class=\"e-con-inner\">\n\t\t<div class=\"has_eae_slider elementor-element elementor-element-4aba2c2 e-con-full e-flex wpr-particle-no wpr-jarallax-no wpr-parallax-no wpr-sticky-section-no e-con e-child\" data-eae-slider=\"26474\" data-id=\"4aba2c2\" data-element_type=\"container\" data-settings=\"{&quot;_ha_eqh_enable&quot;:false}\">\n\t\t\t\t<div class=\"elementor-element elementor-element-c9390f7 elementor-widget elementor-widget-text-editor\" data-id=\"c9390f7\" data-element_type=\"widget\" data-widget_type=\"text-editor.default\">\n\t\t\t\t<div class=\"elementor-widget-container\">\n\t\t\t\t\t\t\t\t\t<ul><li>zieht alle vier Jahre die besten jungen Violin-Solisten aus der ganzen Welt in den Wiener Konzerthaus oder Musikverein, um einen k\u00fcnstlerischen und musikalischen Wettbewerb im Namen von Fritz Kreisler zu bestreiten<\/li><li>unterst\u00fctzt das Violinspiel und Talent auf h\u00f6chstem k\u00fcnstlerischen Niveau und stellt f\u00fcr die Preistr\u00e4ger einen wichtigen Meilenstein f\u00fcr eine erfolgreiche Karriere dar<\/li><li>ist von gro\u00dfer Bedeutung f\u00fcr die n\u00e4chste Generation \u00f6sterreichischer Violinisten und gibt ihnen die M\u00f6glichkeit, sich in Wien mit ihren internationalen Mitbewerbern zu messen<\/li><li>bereichert das Wiener Musikleben alle vier Jahre mit einem einzigartigen Violinfestival mit 19 Konzerten der weltbesten jungen Geiger und<\/li><li>ist seit vielen Jahren aktives Komiteemitglied (und Vizepr\u00e4sident) der F\u00e9d\u00e9ration Mondiale des Concours Internationaux de Musique (UNESCO, Genf)<\/li><\/ul>\t\t\t\t\t\t\t\t<\/div>\n\t\t\t\t<\/div>\n\t\t\t\t<\/div>\n\t\t<div class=\"has_eae_slider elementor-element elementor-element-f868bcb e-con-full e-flex wpr-particle-no wpr-jarallax-no wpr-parallax-no wpr-sticky-section-no e-con e-child\" data-eae-slider=\"96525\" data-id=\"f868bcb\" data-element_type=\"container\" data-settings=\"{&quot;_ha_eqh_enable&quot;:false}\">\n\t\t\t\t<div class=\"elementor-element elementor-element-91a44fb elementor-widget elementor-widget-image\" data-id=\"91a44fb\" data-element_type=\"widget\" data-widget_type=\"image.default\">\n\t\t\t\t<div class=\"elementor-widget-container\">\n\t\t\t\t\t\t\t\t\t\t\t\t\t\t\t<img fetchpriority=\"high\" decoding=\"async\" width=\"800\" height=\"496\" src=\"https:\/\/fritzkreisler.com\/wp-content\/uploads\/2025\/04\/Yehudi-Menuhin-1024x635.jpg\" class=\"attachment-large size-large wp-image-2426\" alt=\"\" srcset=\"https:\/\/fritzkreisler.com\/wp-content\/uploads\/2025\/04\/Yehudi-Menuhin-1024x635.jpg 1024w, https:\/\/fritzkreisler.com\/wp-content\/uploads\/2025\/04\/Yehudi-Menuhin-300x186.jpg 300w, https:\/\/fritzkreisler.com\/wp-content\/uploads\/2025\/04\/Yehudi-Menuhin-768x476.jpg 768w, https:\/\/fritzkreisler.com\/wp-content\/uploads\/2025\/04\/Yehudi-Menuhin-18x12.jpg 18w, https:\/\/fritzkreisler.com\/wp-content\/uploads\/2025\/04\/Yehudi-Menuhin.jpg 1280w\" sizes=\"(max-width: 800px) 100vw, 800px\" \/>\t\t\t\t\t\t\t\t\t\t\t\t\t\t\t<\/div>\n\t\t\t\t<\/div>\n\t\t\t\t<\/div>\n\t\t\t\t\t<\/div>\n\t\t\t\t<\/div>\n\t\t<div class=\"has_eae_slider elementor-element elementor-element-79c4f3d e-flex e-con-boxed wpr-particle-no wpr-jarallax-no wpr-parallax-no wpr-sticky-section-no e-con e-parent\" data-eae-slider=\"9910\" data-id=\"79c4f3d\" data-element_type=\"container\" data-settings=\"{&quot;_ha_eqh_enable&quot;:false}\">\n\t\t\t\t\t<div class=\"e-con-inner\">\n\t\t\t\t<div class=\"elementor-element elementor-element-e4288f8 elementor-align-center elementor-widget elementor-widget-button\" data-id=\"e4288f8\" data-element_type=\"widget\" data-widget_type=\"button.default\">\n\t\t\t\t<div class=\"elementor-widget-container\">\n\t\t\t\t\t\t\t\t\t<div class=\"elementor-button-wrapper\">\n\t\t\t\t\t<a class=\"elementor-button elementor-button-link elementor-size-sm\" href=\"https:\/\/fritzkreisler.com\/de\/history\/\">\n\t\t\t\t\t\t<span class=\"elementor-button-content-wrapper\">\n\t\t\t\t\t\t\t\t\t<span class=\"elementor-button-text\">back<\/span>\n\t\t\t\t\t<\/span>\n\t\t\t\t\t<\/a>\n\t\t\t\t<\/div>\n\t\t\t\t\t\t\t\t<\/div>\n\t\t\t\t<\/div>\n\t\t\t\t\t<\/div>\n\t\t\t\t<\/div>\n\t\t<div class=\"has_eae_slider elementor-element elementor-element-09d8a10 e-flex e-con-boxed wpr-particle-no wpr-jarallax-no wpr-parallax-no wpr-sticky-section-no e-con e-parent\" data-eae-slider=\"9166\" data-id=\"09d8a10\" data-element_type=\"container\" data-settings=\"{&quot;_ha_eqh_enable&quot;:false}\">\n\t\t\t\t\t<div class=\"e-con-inner\">\n\t\t\t\t<div class=\"elementor-element elementor-element-03260c2 elementor-widget elementor-widget-spacer\" data-id=\"03260c2\" data-element_type=\"widget\" data-widget_type=\"spacer.default\">\n\t\t\t\t<div class=\"elementor-widget-container\">\n\t\t\t\t\t\t\t<div class=\"elementor-spacer\">\n\t\t\t<div class=\"elementor-spacer-inner\"><\/div>\n\t\t<\/div>\n\t\t\t\t\t\t<\/div>\n\t\t\t\t<\/div>\n\t\t\t\t\t<\/div>\n\t\t\t\t<\/div>\n\t\t\t\t<\/div>","protected":false},"excerpt":{"rendered":"<p>The Competition attracts the best young violin soloists from around the world to the Vienna Konzerthaus or Musikverein every four years to an artistic and musical competition in the name of Fritz Kreisler supports violin playing and talent at the highest artistic level and, for the prize winners, represents an important milestone for a successful career is of great importance for the next generation of Austrian violinists and gives them the opportunity to compare themselves in Vienna with their international contemporaries enriches Vienna\u2019s musical life every four years with a unique violin festival with 19 concerts featuring the world\u2019s best young violinists and has been for many years an active committee member (holding also the Vice-Presidency) of the F\u00e9d\u00e9ration Mondiale des Concours Internationaux de Musique\u00a0(UNESCO, Geneva) back<\/p>","protected":false},"author":1,"featured_media":0,"parent":0,"menu_order":0,"comment_status":"closed","ping_status":"closed","template":"","meta":{"inline_featured_image":false,"_uag_custom_page_level_css":"","footnotes":""},"class_list":["post-2332","page","type-page","status-publish","hentry"],"uagb_featured_image_src":{"full":false,"thumbnail":false,"medium":false,"medium_large":false,"large":false,"1536x1536":false,"2048x2048":false,"trp-custom-language-flag":false},"uagb_author_info":{"display_name":"fritz.kreisler.competition","author_link":"https:\/\/fritzkreisler.com\/de\/author\/fritz-kreisler-competition\/"},"uagb_comment_info":0,"uagb_excerpt":"The Competition attracts the best young violin soloists from around the world to the Vienna Konzerthaus or Musikverein every four years to an artistic and musical competition in the name of Fritz Kreisler supports violin playing and talent at the highest artistic level and, for the prize winners, represents an important milestone for a successful&hellip;","_links":{"self":[{"href":"https:\/\/fritzkreisler.com\/de\/wp-json\/wp\/v2\/pages\/2332","targetHints":{"allow":["GET"]}}],"collection":[{"href":"https:\/\/fritzkreisler.com\/de\/wp-json\/wp\/v2\/pages"}],"about":[{"href":"https:\/\/fritzkreisler.com\/de\/wp-json\/wp\/v2\/types\/page"}],"author":[{"embeddable":true,"href":"https:\/\/fritzkreisler.com\/de\/wp-json\/wp\/v2\/users\/1"}],"replies":[{"embeddable":true,"href":"https:\/\/fritzkreisler.com\/de\/wp-json\/wp\/v2\/comments?post=2332"}],"version-history":[{"count":12,"href":"https:\/\/fritzkreisler.com\/de\/wp-json\/wp\/v2\/pages\/2332\/revisions"}],"predecessor-version":[{"id":2572,"href":"https:\/\/fritzkreisler.com\/de\/wp-json\/wp\/v2\/pages\/2332\/revisions\/2572"}],"wp:attachment":[{"href":"https:\/\/fritzkreisler.com\/de\/wp-json\/wp\/v2\/media?parent=2332"}],"curies":[{"name":"wp","href":"https:\/\/api.w.org\/{rel}","templated":true}]}}