{"id":2464,"date":"2025-04-25T16:55:16","date_gmt":"2025-04-25T16:55:16","guid":{"rendered":"https:\/\/fritzkreisler.org\/?page_id=2464"},"modified":"2025-04-25T17:39:24","modified_gmt":"2025-04-25T17:39:24","slug":"participants-support","status":"publish","type":"page","link":"https:\/\/fritzkreisler.com\/de\/participants-support\/","title":{"rendered":"TEILNEHMERF\u00d6RDERUNG"},"content":{"rendered":"<div data-elementor-type=\"wp-page\" data-elementor-id=\"2464\" class=\"elementor elementor-2464\" data-elementor-settings=\"{&quot;ha_cmc_init_switcher&quot;:&quot;no&quot;}\">\n\t\t\t\t<div class=\"has_eae_slider elementor-element elementor-element-1a87978 e-flex e-con-boxed wpr-particle-no wpr-jarallax-no wpr-parallax-no wpr-sticky-section-no e-con e-parent\" data-eae-slider=\"34255\" data-id=\"1a87978\" data-element_type=\"container\" data-settings=\"{&quot;_ha_eqh_enable&quot;:false}\">\n\t\t\t\t\t<div class=\"e-con-inner\">\n\t\t<div class=\"has_eae_slider elementor-element elementor-element-5cb79d1 e-con-full e-flex wpr-particle-no wpr-jarallax-no wpr-parallax-no wpr-sticky-section-no e-con e-child\" data-eae-slider=\"52715\" data-id=\"5cb79d1\" data-element_type=\"container\" data-settings=\"{&quot;_ha_eqh_enable&quot;:false}\">\n\t\t\t\t<div class=\"elementor-element elementor-element-7965503 elementor-widget elementor-widget-heading\" data-id=\"7965503\" data-element_type=\"widget\" data-widget_type=\"heading.default\">\n\t\t\t\t<div class=\"elementor-widget-container\">\n\t\t\t\t\t<h2 class=\"elementor-heading-title elementor-size-default\">TEILNEHMERF\u00d6RDERUNG<\/h2>\t\t\t\t<\/div>\n\t\t\t\t<\/div>\n\t\t\t\t<div class=\"elementor-element elementor-element-a0b60f1 elementor-widget-divider--view-line elementor-widget elementor-widget-divider\" data-id=\"a0b60f1\" data-element_type=\"widget\" data-widget_type=\"divider.default\">\n\t\t\t\t<div class=\"elementor-widget-container\">\n\t\t\t\t\t\t\t<div class=\"elementor-divider\">\n\t\t\t<span class=\"elementor-divider-separator\">\n\t\t\t\t\t\t<\/span>\n\t\t<\/div>\n\t\t\t\t\t\t<\/div>\n\t\t\t\t<\/div>\n\t\t\t\t<\/div>\n\t\t\t\t\t<\/div>\n\t\t\t\t<\/div>\n\t\t<div class=\"has_eae_slider elementor-element elementor-element-ac8526a e-flex e-con-boxed wpr-particle-no wpr-jarallax-no wpr-parallax-no wpr-sticky-section-no e-con e-parent\" data-eae-slider=\"92029\" data-id=\"ac8526a\" data-element_type=\"container\" data-settings=\"{&quot;_ha_eqh_enable&quot;:false}\">\n\t\t\t\t\t<div class=\"e-con-inner\">\n\t\t\t\t<div class=\"elementor-element elementor-element-cde0260 elementor-widget elementor-widget-text-editor\" data-id=\"cde0260\" data-element_type=\"widget\" data-widget_type=\"text-editor.default\">\n\t\t\t\t<div class=\"elementor-widget-container\">\n\t\t\t\t\t\t\t\t\t<p>Das Hauptziel des Internationalen Fritz Kreisler Violinwettbewerbs ist die F\u00f6rderung hochbegabter Violinsolistinnen und -solisten aller Nationalit\u00e4ten.<\/p><p><strong>W\u00e4hrend des Wettbewerbes durch<\/strong><\/p><ul><li>Kostenlose Unterbringung der eingeladenen jungen K\u00fcnstlerinnen und K\u00fcnstler in musikliebenden Familien von Mitgliedern der Wiener Rotary Clubs.<\/li><li>Bis zu vier Auftrittsm\u00f6glichkeiten w\u00e4hrend der Auswahlrunden des Wettbewerbs im Wiener Konzerthaus und anderen bedeutenden Spielst\u00e4tten in Wien, einschlie\u00dflich der Gelegenheit zur Zusammenarbeit mit dem ORF-Orchester.<\/li><li>\u201eDie sechs Hauptpreise sowie Sonderpreise werden an die besten Teilnehmerinnen und Teilnehmer vergeben. Die den Preistr\u00e4gern verliehenen Auszeichnungen sollen ihnen dabei helfen, ihre musikalische Karriere weiterzuentwickeln.<\/li><\/ul><p><strong>Nach dem Wettbewerb durch<\/strong><\/p><ul><li>Vermittlung von Konzertengagements f\u00fcr die Hauptpreistr\u00e4gerinnen und -preistr\u00e4ger (Solokonzerte mit Orchester und Recitals mit Klavier)<\/li><li>Vermittlung von Radio-, Fernseh- und CD-Aufnahmen f\u00fcr die Hauptpreistr\u00e4gerinnen und -preistr\u00e4ger.<\/li><\/ul>\t\t\t\t\t\t\t\t<\/div>\n\t\t\t\t<\/div>\n\t\t\t\t\t<\/div>\n\t\t\t\t<\/div>\n\t\t<div class=\"has_eae_slider elementor-element elementor-element-a948154 e-flex e-con-boxed wpr-particle-no wpr-jarallax-no wpr-parallax-no wpr-sticky-section-no e-con e-parent\" data-eae-slider=\"1335\" data-id=\"a948154\" data-element_type=\"container\" data-settings=\"{&quot;_ha_eqh_enable&quot;:false}\">\n\t\t\t\t\t<div class=\"e-con-inner\">\n\t\t\t\t<div class=\"elementor-element elementor-element-de892cb elementor-widget elementor-widget-image\" data-id=\"de892cb\" data-element_type=\"widget\" data-widget_type=\"image.default\">\n\t\t\t\t<div class=\"elementor-widget-container\">\n\t\t\t\t\t\t\t\t\t\t\t\t\t\t\t<img fetchpriority=\"high\" decoding=\"async\" width=\"2048\" height=\"1536\" src=\"https:\/\/fritzkreisler.com\/wp-content\/uploads\/2025\/04\/FK_m4.jpg\" class=\"attachment-full size-full wp-image-2466\" alt=\"\" srcset=\"https:\/\/fritzkreisler.com\/wp-content\/uploads\/2025\/04\/FK_m4.jpg 2048w, https:\/\/fritzkreisler.com\/wp-content\/uploads\/2025\/04\/FK_m4-300x225.jpg 300w, https:\/\/fritzkreisler.com\/wp-content\/uploads\/2025\/04\/FK_m4-1024x768.jpg 1024w, https:\/\/fritzkreisler.com\/wp-content\/uploads\/2025\/04\/FK_m4-768x576.jpg 768w, https:\/\/fritzkreisler.com\/wp-content\/uploads\/2025\/04\/FK_m4-1536x1152.jpg 1536w, https:\/\/fritzkreisler.com\/wp-content\/uploads\/2025\/04\/FK_m4-16x12.jpg 16w\" sizes=\"(max-width: 2048px) 100vw, 2048px\" \/>\t\t\t\t\t\t\t\t\t\t\t\t\t\t\t<\/div>\n\t\t\t\t<\/div>\n\t\t\t\t\t<\/div>\n\t\t\t\t<\/div>\n\t\t<div class=\"has_eae_slider elementor-element elementor-element-d19c800 e-flex e-con-boxed wpr-particle-no wpr-jarallax-no wpr-parallax-no wpr-sticky-section-no e-con e-parent\" data-eae-slider=\"8949\" data-id=\"d19c800\" data-element_type=\"container\" data-settings=\"{&quot;_ha_eqh_enable&quot;:false}\">\n\t\t\t\t\t<div class=\"e-con-inner\">\n\t\t\t\t<div class=\"elementor-element elementor-element-1c63981 elementor-align-center elementor-widget elementor-widget-button\" data-id=\"1c63981\" data-element_type=\"widget\" data-widget_type=\"button.default\">\n\t\t\t\t<div class=\"elementor-widget-container\">\n\t\t\t\t\t\t\t\t\t<div class=\"elementor-button-wrapper\">\n\t\t\t\t\t<a class=\"elementor-button elementor-button-link elementor-size-sm\" href=\"https:\/\/fritzkreisler.com\/de\/organization\/\">\n\t\t\t\t\t\t<span class=\"elementor-button-content-wrapper\">\n\t\t\t\t\t\t\t\t\t<span class=\"elementor-button-text\">back<\/span>\n\t\t\t\t\t<\/span>\n\t\t\t\t\t<\/a>\n\t\t\t\t<\/div>\n\t\t\t\t\t\t\t\t<\/div>\n\t\t\t\t<\/div>\n\t\t\t\t\t<\/div>\n\t\t\t\t<\/div>\n\t\t<div class=\"has_eae_slider elementor-element elementor-element-e413f81 e-flex e-con-boxed wpr-particle-no wpr-jarallax-no wpr-parallax-no wpr-sticky-section-no e-con e-parent\" data-eae-slider=\"19035\" data-id=\"e413f81\" data-element_type=\"container\" data-settings=\"{&quot;_ha_eqh_enable&quot;:false}\">\n\t\t\t\t\t<div class=\"e-con-inner\">\n\t\t\t\t\t<\/div>\n\t\t\t\t<\/div>\n\t\t\t\t<\/div>","protected":false},"excerpt":{"rendered":"<p>PARTICIPANTS SUPPORT The major aim of the International Fritz Kreisler Violin Competition is to support highly talented violin soloists of all nationalities. During the competition by: Providing free accommodation for the young artists that are invited to the competition in music loving families of members of the Viennese Rotary Clubs. Offering up to four performance opportunities during the competitive selection rounds at the Wiener Konzerthaus and other important venues in Vienna, including the opportunity to work with the ORF Orchestra. The six main prizes and special prizes awarded to the best participants. The prizes offered to the winners should help them to grow in their careers. After the competition by: Arranging concert engagements for the top prize winners (solo performances with orchestra and recitals with piano). \u0410rranging radio, television and CD recordings for the top prize winners. back<\/p>","protected":false},"author":1,"featured_media":0,"parent":0,"menu_order":0,"comment_status":"closed","ping_status":"closed","template":"","meta":{"inline_featured_image":false,"_uag_custom_page_level_css":"","footnotes":""},"class_list":["post-2464","page","type-page","status-publish","hentry"],"uagb_featured_image_src":{"full":false,"thumbnail":false,"medium":false,"medium_large":false,"large":false,"1536x1536":false,"2048x2048":false,"trp-custom-language-flag":false},"uagb_author_info":{"display_name":"fritz.kreisler.competition","author_link":"https:\/\/fritzkreisler.com\/de\/author\/fritz-kreisler-competition\/"},"uagb_comment_info":0,"uagb_excerpt":"PARTICIPANTS SUPPORT The major aim of the International Fritz Kreisler Violin Competition is to support highly talented violin soloists of all nationalities. During the competition by: Providing free accommodation for the young artists that are invited to the competition in music loving families of members of the Viennese Rotary Clubs. Offering up to four performance&hellip;","_links":{"self":[{"href":"https:\/\/fritzkreisler.com\/de\/wp-json\/wp\/v2\/pages\/2464","targetHints":{"allow":["GET"]}}],"collection":[{"href":"https:\/\/fritzkreisler.com\/de\/wp-json\/wp\/v2\/pages"}],"about":[{"href":"https:\/\/fritzkreisler.com\/de\/wp-json\/wp\/v2\/types\/page"}],"author":[{"embeddable":true,"href":"https:\/\/fritzkreisler.com\/de\/wp-json\/wp\/v2\/users\/1"}],"replies":[{"embeddable":true,"href":"https:\/\/fritzkreisler.com\/de\/wp-json\/wp\/v2\/comments?post=2464"}],"version-history":[{"count":19,"href":"https:\/\/fritzkreisler.com\/de\/wp-json\/wp\/v2\/pages\/2464\/revisions"}],"predecessor-version":[{"id":2500,"href":"https:\/\/fritzkreisler.com\/de\/wp-json\/wp\/v2\/pages\/2464\/revisions\/2500"}],"wp:attachment":[{"href":"https:\/\/fritzkreisler.com\/de\/wp-json\/wp\/v2\/media?parent=2464"}],"curies":[{"name":"wp","href":"https:\/\/api.w.org\/{rel}","templated":true}]}}