{"id":2523,"date":"2025-04-26T08:22:40","date_gmt":"2025-04-26T08:22:40","guid":{"rendered":"https:\/\/fritzkreisler.org\/?page_id=2523"},"modified":"2025-04-26T09:47:47","modified_gmt":"2025-04-26T09:47:47","slug":"cultural-role","status":"publish","type":"page","link":"https:\/\/fritzkreisler.com\/de\/cultural-role\/","title":{"rendered":"Cultural role"},"content":{"rendered":"<div data-elementor-type=\"wp-page\" data-elementor-id=\"2523\" class=\"elementor elementor-2523\" data-elementor-settings=\"{&quot;ha_cmc_init_switcher&quot;:&quot;no&quot;}\">\n\t\t\t\t<div class=\"has_eae_slider elementor-element elementor-element-f284880 e-flex e-con-boxed wpr-particle-no wpr-jarallax-no wpr-parallax-no wpr-sticky-section-no e-con e-parent\" data-eae-slider=\"57404\" data-id=\"f284880\" data-element_type=\"container\" data-settings=\"{&quot;_ha_eqh_enable&quot;:false}\">\n\t\t\t\t\t<div class=\"e-con-inner\">\n\t\t<div class=\"has_eae_slider elementor-element elementor-element-f598255 e-con-full e-flex wpr-particle-no wpr-jarallax-no wpr-parallax-no wpr-sticky-section-no e-con e-child\" data-eae-slider=\"13869\" data-id=\"f598255\" data-element_type=\"container\" data-settings=\"{&quot;_ha_eqh_enable&quot;:false}\">\n\t\t\t\t<div class=\"elementor-element elementor-element-fabc1c1 elementor-widget elementor-widget-heading\" data-id=\"fabc1c1\" data-element_type=\"widget\" data-widget_type=\"heading.default\">\n\t\t\t\t<div class=\"elementor-widget-container\">\n\t\t\t\t\t<h2 class=\"elementor-heading-title elementor-size-default\">Der kulturelle Auftrag des Wettbewerbes <\/h2>\t\t\t\t<\/div>\n\t\t\t\t<\/div>\n\t\t\t\t<div class=\"elementor-element elementor-element-19ea971 elementor-widget-divider--view-line elementor-widget elementor-widget-divider\" data-id=\"19ea971\" data-element_type=\"widget\" data-widget_type=\"divider.default\">\n\t\t\t\t<div class=\"elementor-widget-container\">\n\t\t\t\t\t\t\t<div class=\"elementor-divider\">\n\t\t\t<span class=\"elementor-divider-separator\">\n\t\t\t\t\t\t<\/span>\n\t\t<\/div>\n\t\t\t\t\t\t<\/div>\n\t\t\t\t<\/div>\n\t\t\t\t<\/div>\n\t\t\t\t\t<\/div>\n\t\t\t\t<\/div>\n\t\t<div class=\"has_eae_slider elementor-element elementor-element-fc5195f e-flex e-con-boxed wpr-particle-no wpr-jarallax-no wpr-parallax-no wpr-sticky-section-no e-con e-parent\" data-eae-slider=\"61245\" data-id=\"fc5195f\" data-element_type=\"container\" data-settings=\"{&quot;_ha_eqh_enable&quot;:false}\">\n\t\t\t\t\t<div class=\"e-con-inner\">\n\t\t<div class=\"has_eae_slider elementor-element elementor-element-4aba2c2 e-con-full e-flex wpr-particle-no wpr-jarallax-no wpr-parallax-no wpr-sticky-section-no e-con e-child\" data-eae-slider=\"24290\" data-id=\"4aba2c2\" data-element_type=\"container\" data-settings=\"{&quot;_ha_eqh_enable&quot;:false}\">\n\t\t\t\t<div class=\"elementor-element elementor-element-c9390f7 elementor-widget elementor-widget-text-editor\" data-id=\"c9390f7\" data-element_type=\"widget\" data-widget_type=\"text-editor.default\">\n\t\t\t\t<div class=\"elementor-widget-container\">\n\t\t\t\t\t\t\t\t\t<ul><li><span style=\"color: #424242;\">Als gr\u00f6\u00dfter internationaler Violinwettbewerb des Landes bereichert der Fritz Kreisler Wettbewerb die musikalische Landschaft \u00d6sterreichs und die Musikmetropole Wien. Dar\u00fcber hinaus spielt er eine wichtige Rolle im Aufbl\u00fchen des neuen kulturellen Zentrums Mitteleuropas.\u00a0<\/span><\/li><\/ul><ul><li><span style=\"color: #424242;\">Der Wettbewerb setzt mit seinen innovativen Ideen in Organisation und Pr\u00e4sentation internationale Ma\u00dfst\u00e4be. Er ist \u2013 neben den anderen f\u00fchrenden internationalen Violinwettbewerben \u2013 ein Markenzeichen \u00d6sterreichs.\u00a0<\/span><\/li><\/ul><ul><li><span style=\"color: #424242;\">Der Wettbewerb unterstreicht Wiens Eignung als idealer Austragungsort f\u00fcr internationale Musikwettbewerbe \u2013 eine Stadt mit gro\u00dfer kultureller Tradition, die junge Musikerinnen und Musiker aus aller Welt anzieht.\u00a0<\/span><\/li><\/ul><ul><li><span style=\"color: #424242;\">Der Wettbewerb ist ein Symbol f\u00fcr kulturelle Vielfalt und Toleranz und erinnert an die Trag\u00f6die, die sich im 20. Jahrhundert in Mitteleuropa ereignet hat, als viele Wissenschaftler und K\u00fcnstler wie Kreisler aufgrund von Rassismus und Diktatur zur Flucht gezwungen wurden.\u00a0<\/span><\/li><\/ul>\t\t\t\t\t\t\t\t<\/div>\n\t\t\t\t<\/div>\n\t\t\t\t<\/div>\n\t\t<div class=\"has_eae_slider elementor-element elementor-element-f868bcb e-con-full e-flex wpr-particle-no wpr-jarallax-no wpr-parallax-no wpr-sticky-section-no e-con e-child\" data-eae-slider=\"48522\" data-id=\"f868bcb\" data-element_type=\"container\" data-settings=\"{&quot;_ha_eqh_enable&quot;:false}\">\n\t\t\t\t<div class=\"elementor-element elementor-element-d4f256f elementor-widget elementor-widget-text-editor\" data-id=\"d4f256f\" data-element_type=\"widget\" data-widget_type=\"text-editor.default\">\n\t\t\t\t<div class=\"elementor-widget-container\">\n\t\t\t\t\t\t\t\t\t<ul><li><span style=\"color: #424242;\">Als Hommage an Fritz Kreisler soll der Wettbewerb sowohl die j\u00fcngere Generation als auch das Publikum auf seine Bedeutung als Musiker, K\u00fcnstler und Mensch sowie auf seinen Ursprung im einzigartigen kulturellen Umfeld Wiens zu Beginn des 20. Jahrhunderts aufmerksam machen.<\/span><\/li><\/ul>\t\t\t\t\t\t\t\t<\/div>\n\t\t\t\t<\/div>\n\t\t\t\t<div class=\"elementor-element elementor-element-91a44fb elementor-widget elementor-widget-image\" data-id=\"91a44fb\" data-element_type=\"widget\" data-widget_type=\"image.default\">\n\t\t\t\t<div class=\"elementor-widget-container\">\n\t\t\t\t\t\t\t\t\t\t\t\t\t\t\t<img fetchpriority=\"high\" decoding=\"async\" width=\"800\" height=\"496\" src=\"https:\/\/fritzkreisler.com\/wp-content\/uploads\/2025\/04\/Dmitry-Sitkovetsky-1024x635.jpg\" class=\"attachment-large size-large wp-image-2428\" alt=\"\" srcset=\"https:\/\/fritzkreisler.com\/wp-content\/uploads\/2025\/04\/Dmitry-Sitkovetsky-1024x635.jpg 1024w, https:\/\/fritzkreisler.com\/wp-content\/uploads\/2025\/04\/Dmitry-Sitkovetsky-300x186.jpg 300w, https:\/\/fritzkreisler.com\/wp-content\/uploads\/2025\/04\/Dmitry-Sitkovetsky-768x476.jpg 768w, https:\/\/fritzkreisler.com\/wp-content\/uploads\/2025\/04\/Dmitry-Sitkovetsky-18x12.jpg 18w, https:\/\/fritzkreisler.com\/wp-content\/uploads\/2025\/04\/Dmitry-Sitkovetsky.jpg 1280w\" sizes=\"(max-width: 800px) 100vw, 800px\" \/>\t\t\t\t\t\t\t\t\t\t\t\t\t\t\t<\/div>\n\t\t\t\t<\/div>\n\t\t\t\t<\/div>\n\t\t\t\t\t<\/div>\n\t\t\t\t<\/div>\n\t\t<div class=\"has_eae_slider elementor-element elementor-element-79c4f3d e-flex e-con-boxed wpr-particle-no wpr-jarallax-no wpr-parallax-no wpr-sticky-section-no e-con e-parent\" data-eae-slider=\"34744\" data-id=\"79c4f3d\" data-element_type=\"container\" data-settings=\"{&quot;_ha_eqh_enable&quot;:false}\">\n\t\t\t\t\t<div class=\"e-con-inner\">\n\t\t\t\t<div class=\"elementor-element elementor-element-e4288f8 elementor-align-center elementor-widget elementor-widget-button\" data-id=\"e4288f8\" data-element_type=\"widget\" data-widget_type=\"button.default\">\n\t\t\t\t<div class=\"elementor-widget-container\">\n\t\t\t\t\t\t\t\t\t<div class=\"elementor-button-wrapper\">\n\t\t\t\t\t<a class=\"elementor-button elementor-button-link elementor-size-sm\" href=\"https:\/\/fritzkreisler.com\/de\/history\/\">\n\t\t\t\t\t\t<span class=\"elementor-button-content-wrapper\">\n\t\t\t\t\t\t\t\t\t<span class=\"elementor-button-text\">back<\/span>\n\t\t\t\t\t<\/span>\n\t\t\t\t\t<\/a>\n\t\t\t\t<\/div>\n\t\t\t\t\t\t\t\t<\/div>\n\t\t\t\t<\/div>\n\t\t\t\t\t<\/div>\n\t\t\t\t<\/div>\n\t\t<div class=\"has_eae_slider elementor-element elementor-element-09d8a10 e-flex e-con-boxed wpr-particle-no wpr-jarallax-no wpr-parallax-no wpr-sticky-section-no e-con e-parent\" data-eae-slider=\"248\" data-id=\"09d8a10\" data-element_type=\"container\" data-settings=\"{&quot;_ha_eqh_enable&quot;:false}\">\n\t\t\t\t\t<div class=\"e-con-inner\">\n\t\t\t\t<div class=\"elementor-element elementor-element-03260c2 elementor-widget elementor-widget-spacer\" data-id=\"03260c2\" data-element_type=\"widget\" data-widget_type=\"spacer.default\">\n\t\t\t\t<div class=\"elementor-widget-container\">\n\t\t\t\t\t\t\t<div class=\"elementor-spacer\">\n\t\t\t<div class=\"elementor-spacer-inner\"><\/div>\n\t\t<\/div>\n\t\t\t\t\t\t<\/div>\n\t\t\t\t<\/div>\n\t\t\t\t\t<\/div>\n\t\t\t\t<\/div>\n\t\t\t\t<\/div>","protected":false},"excerpt":{"rendered":"<p>Cultural role of the competition The Fritz Kreisler Competition, as the largest international violin competition in the country, enriches the musical landscape of Austria and music metropolis of Vienna, and is vital also in view of the new flourishing cultural centre of Central Europe.\u00a0 The competition provides an international role model through its innovative ideas in terms of organization and presentation. It is a trademark for Austria, alongside the other leading international violin competitions.\u00a0 The competition marks Vienna as a city ideally suited to host international music competitions, a city with great cultural tradition, which, in turn, attracts young musicians from all over the world.\u00a0 The competition is a symbol of cultural diversity and tolerance and provides remembrance of the tragedy that occurred in Central Europe during the 20th century, when many scientists and artists such as Kreisler were forced to flee as a result of racism and dictatorship.\u00a0 As an act of homage to Fritz Kreisler, the competition should make both the younger generation and the audience aware of his significance as a musician, artist and human being as well as of his origin in the unique cultural environment of Vienna at the turn of the 20th century. back<\/p>","protected":false},"author":1,"featured_media":0,"parent":0,"menu_order":0,"comment_status":"closed","ping_status":"closed","template":"","meta":{"inline_featured_image":false,"_uag_custom_page_level_css":"","footnotes":""},"class_list":["post-2523","page","type-page","status-publish","hentry"],"uagb_featured_image_src":{"full":false,"thumbnail":false,"medium":false,"medium_large":false,"large":false,"1536x1536":false,"2048x2048":false,"trp-custom-language-flag":false},"uagb_author_info":{"display_name":"fritz.kreisler.competition","author_link":"https:\/\/fritzkreisler.com\/de\/author\/fritz-kreisler-competition\/"},"uagb_comment_info":0,"uagb_excerpt":"Cultural role of the competition The Fritz Kreisler Competition, as the largest international violin competition in the country, enriches the musical landscape of Austria and music metropolis of Vienna, and is vital also in view of the new flourishing cultural centre of Central Europe.\u00a0 The competition provides an international role model through its innovative ideas&hellip;","_links":{"self":[{"href":"https:\/\/fritzkreisler.com\/de\/wp-json\/wp\/v2\/pages\/2523","targetHints":{"allow":["GET"]}}],"collection":[{"href":"https:\/\/fritzkreisler.com\/de\/wp-json\/wp\/v2\/pages"}],"about":[{"href":"https:\/\/fritzkreisler.com\/de\/wp-json\/wp\/v2\/types\/page"}],"author":[{"embeddable":true,"href":"https:\/\/fritzkreisler.com\/de\/wp-json\/wp\/v2\/users\/1"}],"replies":[{"embeddable":true,"href":"https:\/\/fritzkreisler.com\/de\/wp-json\/wp\/v2\/comments?post=2523"}],"version-history":[{"count":19,"href":"https:\/\/fritzkreisler.com\/de\/wp-json\/wp\/v2\/pages\/2523\/revisions"}],"predecessor-version":[{"id":2575,"href":"https:\/\/fritzkreisler.com\/de\/wp-json\/wp\/v2\/pages\/2523\/revisions\/2575"}],"wp:attachment":[{"href":"https:\/\/fritzkreisler.com\/de\/wp-json\/wp\/v2\/media?parent=2523"}],"curies":[{"name":"wp","href":"https:\/\/api.w.org\/{rel}","templated":true}]}}