{"id":2541,"date":"2025-04-26T09:07:26","date_gmt":"2025-04-26T09:07:26","guid":{"rendered":"https:\/\/fritzkreisler.org\/?page_id=2541"},"modified":"2025-04-26T09:48:25","modified_gmt":"2025-04-26T09:48:25","slug":"artistic-organizational-goals","status":"publish","type":"page","link":"https:\/\/fritzkreisler.com\/de\/artistic-organizational-goals\/","title":{"rendered":"Artistic &#8211; organizational goals"},"content":{"rendered":"<div data-elementor-type=\"wp-page\" data-elementor-id=\"2541\" class=\"elementor elementor-2541\" data-elementor-settings=\"{&quot;ha_cmc_init_switcher&quot;:&quot;no&quot;}\">\n\t\t\t\t<div class=\"has_eae_slider elementor-element elementor-element-f284880 e-flex e-con-boxed wpr-particle-no wpr-jarallax-no wpr-parallax-no wpr-sticky-section-no e-con e-parent\" data-eae-slider=\"65222\" data-id=\"f284880\" data-element_type=\"container\" data-settings=\"{&quot;_ha_eqh_enable&quot;:false}\">\n\t\t\t\t\t<div class=\"e-con-inner\">\n\t\t<div class=\"has_eae_slider elementor-element elementor-element-f598255 e-con-full e-flex wpr-particle-no wpr-jarallax-no wpr-parallax-no wpr-sticky-section-no e-con e-child\" data-eae-slider=\"39872\" data-id=\"f598255\" data-element_type=\"container\" data-settings=\"{&quot;_ha_eqh_enable&quot;:false}\">\n\t\t\t\t<div class=\"elementor-element elementor-element-fabc1c1 elementor-widget elementor-widget-heading\" data-id=\"fabc1c1\" data-element_type=\"widget\" data-widget_type=\"heading.default\">\n\t\t\t\t<div class=\"elementor-widget-container\">\n\t\t\t\t\t<h2 class=\"elementor-heading-title elementor-size-default\">Artistic &amp; organizational goals<\/h2>\t\t\t\t<\/div>\n\t\t\t\t<\/div>\n\t\t\t\t<div class=\"elementor-element elementor-element-19ea971 elementor-widget-divider--view-line elementor-widget elementor-widget-divider\" data-id=\"19ea971\" data-element_type=\"widget\" data-widget_type=\"divider.default\">\n\t\t\t\t<div class=\"elementor-widget-container\">\n\t\t\t\t\t\t\t<div class=\"elementor-divider\">\n\t\t\t<span class=\"elementor-divider-separator\">\n\t\t\t\t\t\t<\/span>\n\t\t<\/div>\n\t\t\t\t\t\t<\/div>\n\t\t\t\t<\/div>\n\t\t\t\t<\/div>\n\t\t\t\t\t<\/div>\n\t\t\t\t<\/div>\n\t\t<div class=\"has_eae_slider elementor-element elementor-element-fc5195f e-flex e-con-boxed wpr-particle-no wpr-jarallax-no wpr-parallax-no wpr-sticky-section-no e-con e-parent\" data-eae-slider=\"31939\" data-id=\"fc5195f\" data-element_type=\"container\" data-settings=\"{&quot;_ha_eqh_enable&quot;:false}\">\n\t\t\t\t\t<div class=\"e-con-inner\">\n\t\t<div class=\"has_eae_slider elementor-element elementor-element-4aba2c2 e-con-full e-flex wpr-particle-no wpr-jarallax-no wpr-parallax-no wpr-sticky-section-no e-con e-child\" data-eae-slider=\"11899\" data-id=\"4aba2c2\" data-element_type=\"container\" data-settings=\"{&quot;_ha_eqh_enable&quot;:false}\">\n\t\t\t\t<div class=\"elementor-element elementor-element-c9390f7 elementor-widget elementor-widget-text-editor\" data-id=\"c9390f7\" data-element_type=\"widget\" data-widget_type=\"text-editor.default\">\n\t\t\t\t<div class=\"elementor-widget-container\">\n\t\t\t\t\t\t\t\t\t<ul><li>Alle vier Jahre trifft sich die Elite der jungen internationalen Violinistinnen und Violinisten in Fritz Kreislers Heimatstadt zu einer gro\u00dfen Violin-Olympiade. Ein neunt\u00e4giger Wettbewerb mit insgesamt 12 Preisen \u2013 ein Festival des Geigenspiels, das zu einem wichtigen Wiener Kulturevent geworden ist, das gro\u00dfes Interesse bei der \u00d6ffentlichkeit und den Medien weckt.\u00a0<\/li><li>Teilnehmer mit hohen k\u00fcnstlerischen Standards, die durch eine sorgf\u00e4ltige Auswahl aus Hunderten von Bewerberinnen und Bewerbern aus allen Kontinenten garantiert werden (unterst\u00fctzt durch Lebensl\u00e4ufe, Kritiken, Empfehlungsschreiben, Videos und Aufnahmen).\u00a0<\/li><li>Die h\u00f6chsten organisatorischen und k\u00fcnstlerischen Standards, die durch jahrelange Erfahrung in der Durchf\u00fchrung internationaler Musikwettbewerbe sowie durch die Zusammenarbeit mit den renommiertesten lokalen Partnern gew\u00e4hrleistet werden: Wiener Konzerthaus, Wiener Symphoniker, Wiener Philharmoniker, ORF Radio-Symphonieorchester, Jeunesse, ORF.<\/li><\/ul>\t\t\t\t\t\t\t\t<\/div>\n\t\t\t\t<\/div>\n\t\t\t\t<\/div>\n\t\t<div class=\"has_eae_slider elementor-element elementor-element-f868bcb e-con-full e-flex wpr-particle-no wpr-jarallax-no wpr-parallax-no wpr-sticky-section-no e-con e-child\" data-eae-slider=\"84449\" data-id=\"f868bcb\" data-element_type=\"container\" data-settings=\"{&quot;_ha_eqh_enable&quot;:false}\">\n\t\t\t\t<div class=\"elementor-element elementor-element-91a44fb elementor-widget elementor-widget-image\" data-id=\"91a44fb\" data-element_type=\"widget\" data-widget_type=\"image.default\">\n\t\t\t\t<div class=\"elementor-widget-container\">\n\t\t\t\t\t\t\t\t\t\t\t\t\t\t\t<img fetchpriority=\"high\" decoding=\"async\" width=\"800\" height=\"496\" src=\"https:\/\/fritzkreisler.com\/wp-content\/uploads\/2025\/04\/Franz-Welser-Moest-1024x635.jpg\" class=\"attachment-large size-large wp-image-2432\" alt=\"\" srcset=\"https:\/\/fritzkreisler.com\/wp-content\/uploads\/2025\/04\/Franz-Welser-Moest-1024x635.jpg 1024w, https:\/\/fritzkreisler.com\/wp-content\/uploads\/2025\/04\/Franz-Welser-Moest-300x186.jpg 300w, https:\/\/fritzkreisler.com\/wp-content\/uploads\/2025\/04\/Franz-Welser-Moest-768x476.jpg 768w, https:\/\/fritzkreisler.com\/wp-content\/uploads\/2025\/04\/Franz-Welser-Moest-18x12.jpg 18w, https:\/\/fritzkreisler.com\/wp-content\/uploads\/2025\/04\/Franz-Welser-Moest.jpg 1280w\" sizes=\"(max-width: 800px) 100vw, 800px\" \/>\t\t\t\t\t\t\t\t\t\t\t\t\t\t\t<\/div>\n\t\t\t\t<\/div>\n\t\t\t\t<\/div>\n\t\t\t\t\t<\/div>\n\t\t\t\t<\/div>\n\t\t<div class=\"has_eae_slider elementor-element elementor-element-79c4f3d e-flex e-con-boxed wpr-particle-no wpr-jarallax-no wpr-parallax-no wpr-sticky-section-no e-con e-parent\" data-eae-slider=\"13079\" data-id=\"79c4f3d\" data-element_type=\"container\" data-settings=\"{&quot;_ha_eqh_enable&quot;:false}\">\n\t\t\t\t\t<div class=\"e-con-inner\">\n\t\t\t\t<div class=\"elementor-element elementor-element-e4288f8 elementor-align-center elementor-widget elementor-widget-button\" data-id=\"e4288f8\" data-element_type=\"widget\" data-widget_type=\"button.default\">\n\t\t\t\t<div class=\"elementor-widget-container\">\n\t\t\t\t\t\t\t\t\t<div class=\"elementor-button-wrapper\">\n\t\t\t\t\t<a class=\"elementor-button elementor-button-link elementor-size-sm\" href=\"https:\/\/fritzkreisler.com\/de\/history\/\">\n\t\t\t\t\t\t<span class=\"elementor-button-content-wrapper\">\n\t\t\t\t\t\t\t\t\t<span class=\"elementor-button-text\">back<\/span>\n\t\t\t\t\t<\/span>\n\t\t\t\t\t<\/a>\n\t\t\t\t<\/div>\n\t\t\t\t\t\t\t\t<\/div>\n\t\t\t\t<\/div>\n\t\t\t\t\t<\/div>\n\t\t\t\t<\/div>\n\t\t<div class=\"has_eae_slider elementor-element elementor-element-09d8a10 e-flex e-con-boxed wpr-particle-no wpr-jarallax-no wpr-parallax-no wpr-sticky-section-no e-con e-parent\" data-eae-slider=\"26404\" data-id=\"09d8a10\" data-element_type=\"container\" data-settings=\"{&quot;_ha_eqh_enable&quot;:false}\">\n\t\t\t\t\t<div class=\"e-con-inner\">\n\t\t\t\t<div class=\"elementor-element elementor-element-03260c2 elementor-widget elementor-widget-spacer\" data-id=\"03260c2\" data-element_type=\"widget\" data-widget_type=\"spacer.default\">\n\t\t\t\t<div class=\"elementor-widget-container\">\n\t\t\t\t\t\t\t<div class=\"elementor-spacer\">\n\t\t\t<div class=\"elementor-spacer-inner\"><\/div>\n\t\t<\/div>\n\t\t\t\t\t\t<\/div>\n\t\t\t\t<\/div>\n\t\t\t\t\t<\/div>\n\t\t\t\t<\/div>\n\t\t\t\t<\/div>","protected":false},"excerpt":{"rendered":"<p>Artistic &#038; organizational goals Meeting of the elite young international violinists every four years in Fritz Kreisler\u2019s hometown for a great Violin \u2018Olympiade\u2019. A 9-day competition with a total of 12 prizes \u2013 a festival of violin playing that is an important Viennese cultural event of great interest to the public and media.\u00a0 Participants with high artistic standards guaranteed by careful selection from hundreds of applicants from all continents (with the help of CVs, critiques, recommendation letters, videos and recordings).\u00a0 The highest organizational and artistic standards due to the many years of experience in organizing international music competitions as well as by collaborating with the most renowned local partners: Vienna Konzerthaus, Vienna Symphony Orchestra, Vienna Philharmonic Orchestra, ORF Radio-Symphony Orchestra, Jeunesse, ORF. back<\/p>","protected":false},"author":1,"featured_media":0,"parent":0,"menu_order":0,"comment_status":"closed","ping_status":"closed","template":"","meta":{"inline_featured_image":false,"_uag_custom_page_level_css":"","footnotes":""},"class_list":["post-2541","page","type-page","status-publish","hentry"],"uagb_featured_image_src":{"full":false,"thumbnail":false,"medium":false,"medium_large":false,"large":false,"1536x1536":false,"2048x2048":false,"trp-custom-language-flag":false},"uagb_author_info":{"display_name":"fritz.kreisler.competition","author_link":"https:\/\/fritzkreisler.com\/de\/author\/fritz-kreisler-competition\/"},"uagb_comment_info":0,"uagb_excerpt":"Artistic &#038; organizational goals Meeting of the elite young international violinists every four years in Fritz Kreisler\u2019s hometown for a great Violin \u2018Olympiade\u2019. A 9-day competition with a total of 12 prizes \u2013 a festival of violin playing that is an important Viennese cultural event of great interest to the public and media.\u00a0 Participants with&hellip;","_links":{"self":[{"href":"https:\/\/fritzkreisler.com\/de\/wp-json\/wp\/v2\/pages\/2541","targetHints":{"allow":["GET"]}}],"collection":[{"href":"https:\/\/fritzkreisler.com\/de\/wp-json\/wp\/v2\/pages"}],"about":[{"href":"https:\/\/fritzkreisler.com\/de\/wp-json\/wp\/v2\/types\/page"}],"author":[{"embeddable":true,"href":"https:\/\/fritzkreisler.com\/de\/wp-json\/wp\/v2\/users\/1"}],"replies":[{"embeddable":true,"href":"https:\/\/fritzkreisler.com\/de\/wp-json\/wp\/v2\/comments?post=2541"}],"version-history":[{"count":7,"href":"https:\/\/fritzkreisler.com\/de\/wp-json\/wp\/v2\/pages\/2541\/revisions"}],"predecessor-version":[{"id":2578,"href":"https:\/\/fritzkreisler.com\/de\/wp-json\/wp\/v2\/pages\/2541\/revisions\/2578"}],"wp:attachment":[{"href":"https:\/\/fritzkreisler.com\/de\/wp-json\/wp\/v2\/media?parent=2541"}],"curies":[{"name":"wp","href":"https:\/\/api.w.org\/{rel}","templated":true}]}}