{"id":2552,"date":"2025-04-26T09:10:00","date_gmt":"2025-04-26T09:10:00","guid":{"rendered":"https:\/\/fritzkreisler.org\/?page_id=2552"},"modified":"2025-04-26T09:48:54","modified_gmt":"2025-04-26T09:48:54","slug":"musical-goals","status":"publish","type":"page","link":"https:\/\/fritzkreisler.com\/de\/musical-goals\/","title":{"rendered":"Die musikalischen Ziele"},"content":{"rendered":"<div data-elementor-type=\"wp-page\" data-elementor-id=\"2552\" class=\"elementor elementor-2552\" data-elementor-settings=\"{&quot;ha_cmc_init_switcher&quot;:&quot;no&quot;}\">\n\t\t\t\t<div class=\"has_eae_slider elementor-element elementor-element-f284880 e-flex e-con-boxed wpr-particle-no wpr-jarallax-no wpr-parallax-no wpr-sticky-section-no e-con e-parent\" data-eae-slider=\"11323\" data-id=\"f284880\" data-element_type=\"container\" data-settings=\"{&quot;_ha_eqh_enable&quot;:false}\">\n\t\t\t\t\t<div class=\"e-con-inner\">\n\t\t<div class=\"has_eae_slider elementor-element elementor-element-f598255 e-con-full e-flex wpr-particle-no wpr-jarallax-no wpr-parallax-no wpr-sticky-section-no e-con e-child\" data-eae-slider=\"1217\" data-id=\"f598255\" data-element_type=\"container\" data-settings=\"{&quot;_ha_eqh_enable&quot;:false}\">\n\t\t\t\t<div class=\"elementor-element elementor-element-fabc1c1 elementor-widget elementor-widget-heading\" data-id=\"fabc1c1\" data-element_type=\"widget\" data-widget_type=\"heading.default\">\n\t\t\t\t<div class=\"elementor-widget-container\">\n\t\t\t\t\t<h2 class=\"elementor-heading-title elementor-size-default\">Die musikalischen Ziele<\/h2>\t\t\t\t<\/div>\n\t\t\t\t<\/div>\n\t\t\t\t<div class=\"elementor-element elementor-element-19ea971 elementor-widget-divider--view-line elementor-widget elementor-widget-divider\" data-id=\"19ea971\" data-element_type=\"widget\" data-widget_type=\"divider.default\">\n\t\t\t\t<div class=\"elementor-widget-container\">\n\t\t\t\t\t\t\t<div class=\"elementor-divider\">\n\t\t\t<span class=\"elementor-divider-separator\">\n\t\t\t\t\t\t<\/span>\n\t\t<\/div>\n\t\t\t\t\t\t<\/div>\n\t\t\t\t<\/div>\n\t\t\t\t<\/div>\n\t\t\t\t\t<\/div>\n\t\t\t\t<\/div>\n\t\t<div class=\"has_eae_slider elementor-element elementor-element-fc5195f e-flex e-con-boxed wpr-particle-no wpr-jarallax-no wpr-parallax-no wpr-sticky-section-no e-con e-parent\" data-eae-slider=\"68339\" data-id=\"fc5195f\" data-element_type=\"container\" data-settings=\"{&quot;_ha_eqh_enable&quot;:false}\">\n\t\t\t\t\t<div class=\"e-con-inner\">\n\t\t<div class=\"has_eae_slider elementor-element elementor-element-4aba2c2 e-con-full e-flex wpr-particle-no wpr-jarallax-no wpr-parallax-no wpr-sticky-section-no e-con e-child\" data-eae-slider=\"62548\" data-id=\"4aba2c2\" data-element_type=\"container\" data-settings=\"{&quot;_ha_eqh_enable&quot;:false}\">\n\t\t\t\t<div class=\"elementor-element elementor-element-c9390f7 elementor-widget elementor-widget-text-editor\" data-id=\"c9390f7\" data-element_type=\"widget\" data-widget_type=\"text-editor.default\">\n\t\t\t\t<div class=\"elementor-widget-container\">\n\t\t\t\t\t\t\t\t\t<ul><li>Ein reichhaltiges Wettbewerbsprogramm mit der sch\u00f6nsten Violinenmusik vom Barock bis zur Gegenwart zu pr\u00e4sentieren, das den Teilnehmern in vier Runden (Violin-Solo, Violine und Klavier x2, Violine und Orchester) erm\u00f6glicht, die gesamte Bandbreite ihrer k\u00fcnstlerischen Pers\u00f6nlichkeit zum Ausdruck zu bringen.\u00a0<\/li><li>Ein einzigartiges Violinfestival zu organisieren, mit einer spannenden Reihe von 19 Konzerten, die sich kontinuierlich steigern bis zum H\u00f6hepunkt der Veranstaltung: dem Gala-Finale mit dem ORF Radio-Symphonieorchester im Gro\u00dfen Saal des Wiener Konzerthauses oder des Musikvereins.\u00a0<\/li><li>F\u00f6rderung der musikalischen Kultur der Jugend im Klassik-Bereich durch Zusammenarbeit mit den Schulen im Wiener Raum, um m\u00f6glichst vielen Sch\u00fclerInnen die M\u00f6glichkeit eines gut organisierten, p\u00e4dagogisch vorbereiteten Besuchs der Wettbewerbskonzerte zu bieten.\u00a0<\/li><li>Preistr\u00e4gerinen und Preistr\u00e4ger des Internationalen Fritz Kreisler Wettbewerbs, die in ihren Konzerten das Publikum \u00fcber alle Virtuosit\u00e4t hinaus vor allem durch Ausdruckstiefe und k\u00fcnstlerische Pers\u00f6nlichkeit, durch musikalische Poesie und stilistische Werktreue begeistern.<\/li><\/ul>\t\t\t\t\t\t\t\t<\/div>\n\t\t\t\t<\/div>\n\t\t\t\t<\/div>\n\t\t<div class=\"has_eae_slider elementor-element elementor-element-f868bcb e-con-full e-flex wpr-particle-no wpr-jarallax-no wpr-parallax-no wpr-sticky-section-no e-con e-child\" data-eae-slider=\"62562\" data-id=\"f868bcb\" data-element_type=\"container\" data-settings=\"{&quot;_ha_eqh_enable&quot;:false}\">\n\t\t\t\t<div class=\"elementor-element elementor-element-91a44fb elementor-widget elementor-widget-image\" data-id=\"91a44fb\" data-element_type=\"widget\" data-widget_type=\"image.default\">\n\t\t\t\t<div class=\"elementor-widget-container\">\n\t\t\t\t\t\t\t\t\t\t\t\t\t\t\t<img fetchpriority=\"high\" decoding=\"async\" width=\"800\" height=\"496\" src=\"https:\/\/fritzkreisler.com\/wp-content\/uploads\/2025\/04\/Wolfgang-Schneiderhan-1024x635.jpg\" class=\"attachment-large size-large wp-image-2433\" alt=\"\" srcset=\"https:\/\/fritzkreisler.com\/wp-content\/uploads\/2025\/04\/Wolfgang-Schneiderhan-1024x635.jpg 1024w, https:\/\/fritzkreisler.com\/wp-content\/uploads\/2025\/04\/Wolfgang-Schneiderhan-300x186.jpg 300w, https:\/\/fritzkreisler.com\/wp-content\/uploads\/2025\/04\/Wolfgang-Schneiderhan-768x476.jpg 768w, https:\/\/fritzkreisler.com\/wp-content\/uploads\/2025\/04\/Wolfgang-Schneiderhan-18x12.jpg 18w, https:\/\/fritzkreisler.com\/wp-content\/uploads\/2025\/04\/Wolfgang-Schneiderhan.jpg 1280w\" sizes=\"(max-width: 800px) 100vw, 800px\" \/>\t\t\t\t\t\t\t\t\t\t\t\t\t\t\t<\/div>\n\t\t\t\t<\/div>\n\t\t\t\t<\/div>\n\t\t\t\t\t<\/div>\n\t\t\t\t<\/div>\n\t\t<div class=\"has_eae_slider elementor-element elementor-element-79c4f3d e-flex e-con-boxed wpr-particle-no wpr-jarallax-no wpr-parallax-no wpr-sticky-section-no e-con e-parent\" data-eae-slider=\"25787\" data-id=\"79c4f3d\" data-element_type=\"container\" data-settings=\"{&quot;_ha_eqh_enable&quot;:false}\">\n\t\t\t\t\t<div class=\"e-con-inner\">\n\t\t\t\t<div class=\"elementor-element elementor-element-e4288f8 elementor-align-center elementor-widget elementor-widget-button\" data-id=\"e4288f8\" data-element_type=\"widget\" data-widget_type=\"button.default\">\n\t\t\t\t<div class=\"elementor-widget-container\">\n\t\t\t\t\t\t\t\t\t<div class=\"elementor-button-wrapper\">\n\t\t\t\t\t<a class=\"elementor-button elementor-button-link elementor-size-sm\" href=\"https:\/\/fritzkreisler.com\/de\/history\/\">\n\t\t\t\t\t\t<span class=\"elementor-button-content-wrapper\">\n\t\t\t\t\t\t\t\t\t<span class=\"elementor-button-text\">back<\/span>\n\t\t\t\t\t<\/span>\n\t\t\t\t\t<\/a>\n\t\t\t\t<\/div>\n\t\t\t\t\t\t\t\t<\/div>\n\t\t\t\t<\/div>\n\t\t\t\t\t<\/div>\n\t\t\t\t<\/div>\n\t\t<div class=\"has_eae_slider elementor-element elementor-element-09d8a10 e-flex e-con-boxed wpr-particle-no wpr-jarallax-no wpr-parallax-no wpr-sticky-section-no e-con e-parent\" data-eae-slider=\"25212\" data-id=\"09d8a10\" data-element_type=\"container\" data-settings=\"{&quot;_ha_eqh_enable&quot;:false}\">\n\t\t\t\t\t<div class=\"e-con-inner\">\n\t\t\t\t<div class=\"elementor-element elementor-element-03260c2 elementor-widget elementor-widget-spacer\" data-id=\"03260c2\" data-element_type=\"widget\" data-widget_type=\"spacer.default\">\n\t\t\t\t<div class=\"elementor-widget-container\">\n\t\t\t\t\t\t\t<div class=\"elementor-spacer\">\n\t\t\t<div class=\"elementor-spacer-inner\"><\/div>\n\t\t<\/div>\n\t\t\t\t\t\t<\/div>\n\t\t\t\t<\/div>\n\t\t\t\t\t<\/div>\n\t\t\t\t<\/div>\n\t\t\t\t<\/div>","protected":false},"excerpt":{"rendered":"<p>Musical goals To present a rich competition program of the most beautiful violin music from the baroque period until today, that in four rounds (violin solo, violin and piano x2, violin and orchestra) enables the participants to express the full range of their artistic personalities.\u00a0 To organize a unique violin festival, with an exciting series of 19 concerts that move from strength to strength until the highlight of the event: the Gala-Final with the ORF Radio-Symphony Orchestra in the Great Hall of the Vienna Konzerthaus or Musikverein.\u00a0 To enable school children to attend the competition\u2019s concerts and thus to make these excursions an integral part of school music education in Vienna an its vicinity.\u00a0 To choose prize winners of the International Fritz Kreisler Competition who on their concert tours will inspire audiences, beyond their virtuosity, with their interpretation, artistic personality, musical poetry and stylistic awareness. back<\/p>","protected":false},"author":1,"featured_media":0,"parent":0,"menu_order":0,"comment_status":"closed","ping_status":"closed","template":"","meta":{"inline_featured_image":false,"_uag_custom_page_level_css":"","footnotes":""},"class_list":["post-2552","page","type-page","status-publish","hentry"],"uagb_featured_image_src":{"full":false,"thumbnail":false,"medium":false,"medium_large":false,"large":false,"1536x1536":false,"2048x2048":false,"trp-custom-language-flag":false},"uagb_author_info":{"display_name":"fritz.kreisler.competition","author_link":"https:\/\/fritzkreisler.com\/de\/author\/fritz-kreisler-competition\/"},"uagb_comment_info":0,"uagb_excerpt":"Musical goals To present a rich competition program of the most beautiful violin music from the baroque period until today, that in four rounds (violin solo, violin and piano x2, violin and orchestra) enables the participants to express the full range of their artistic personalities.\u00a0 To organize a unique violin festival, with an exciting series&hellip;","_links":{"self":[{"href":"https:\/\/fritzkreisler.com\/de\/wp-json\/wp\/v2\/pages\/2552","targetHints":{"allow":["GET"]}}],"collection":[{"href":"https:\/\/fritzkreisler.com\/de\/wp-json\/wp\/v2\/pages"}],"about":[{"href":"https:\/\/fritzkreisler.com\/de\/wp-json\/wp\/v2\/types\/page"}],"author":[{"embeddable":true,"href":"https:\/\/fritzkreisler.com\/de\/wp-json\/wp\/v2\/users\/1"}],"replies":[{"embeddable":true,"href":"https:\/\/fritzkreisler.com\/de\/wp-json\/wp\/v2\/comments?post=2552"}],"version-history":[{"count":7,"href":"https:\/\/fritzkreisler.com\/de\/wp-json\/wp\/v2\/pages\/2552\/revisions"}],"predecessor-version":[{"id":2581,"href":"https:\/\/fritzkreisler.com\/de\/wp-json\/wp\/v2\/pages\/2552\/revisions\/2581"}],"wp:attachment":[{"href":"https:\/\/fritzkreisler.com\/de\/wp-json\/wp\/v2\/media?parent=2552"}],"curies":[{"name":"wp","href":"https:\/\/api.w.org\/{rel}","templated":true}]}}