{"id":374,"date":"2025-03-05T15:18:04","date_gmt":"2025-03-05T15:18:04","guid":{"rendered":"https:\/\/fritzkreisler.org\/?page_id=374"},"modified":"2025-03-30T15:27:57","modified_gmt":"2025-03-30T15:27:57","slug":"impressum","status":"publish","type":"page","link":"https:\/\/fritzkreisler.com\/de\/impressum\/","title":{"rendered":"Impressum"},"content":{"rendered":"<div data-elementor-type=\"wp-page\" data-elementor-id=\"374\" class=\"elementor elementor-374\" data-elementor-settings=\"{&quot;ha_cmc_init_switcher&quot;:&quot;no&quot;}\">\n\t\t\t\t<div class=\"has_eae_slider elementor-element elementor-element-3c72628 e-flex e-con-boxed wpr-particle-no wpr-jarallax-no wpr-parallax-no wpr-sticky-section-no e-con e-parent\" data-eae-slider=\"55164\" data-id=\"3c72628\" data-element_type=\"container\" data-settings=\"{&quot;_ha_eqh_enable&quot;:false}\">\n\t\t\t\t\t<div class=\"e-con-inner\">\n\t\t\t\t<div class=\"elementor-element elementor-element-dc4e570 elementor-widget elementor-widget-heading\" data-id=\"dc4e570\" data-element_type=\"widget\" data-widget_type=\"heading.default\">\n\t\t\t\t<div class=\"elementor-widget-container\">\n\t\t\t\t\t<h2 class=\"elementor-heading-title elementor-size-default\">IMPRESSUM<\/h2>\t\t\t\t<\/div>\n\t\t\t\t<\/div>\n\t\t\t\t<div class=\"elementor-element elementor-element-b2177f3 elementor-widget-divider--view-line elementor-widget elementor-widget-divider\" data-id=\"b2177f3\" data-element_type=\"widget\" data-widget_type=\"divider.default\">\n\t\t\t\t<div class=\"elementor-widget-container\">\n\t\t\t\t\t\t\t<div class=\"elementor-divider\">\n\t\t\t<span class=\"elementor-divider-separator\">\n\t\t\t\t\t\t<\/span>\n\t\t<\/div>\n\t\t\t\t\t\t<\/div>\n\t\t\t\t<\/div>\n\t\t\t\t\t<\/div>\n\t\t\t\t<\/div>\n\t\t<div class=\"has_eae_slider elementor-element elementor-element-4ad0f4f e-flex e-con-boxed wpr-particle-no wpr-jarallax-no wpr-parallax-no wpr-sticky-section-no e-con e-parent\" data-eae-slider=\"1962\" data-id=\"4ad0f4f\" data-element_type=\"container\" data-settings=\"{&quot;_ha_eqh_enable&quot;:false}\">\n\t\t\t\t\t<div class=\"e-con-inner\">\n\t\t\t\t<div class=\"elementor-element elementor-element-95eb441 elementor-widget elementor-widget-text-editor\" data-id=\"95eb441\" data-element_type=\"widget\" data-widget_type=\"text-editor.default\">\n\t\t\t\t<div class=\"elementor-widget-container\">\n\t\t\t\t\t\t\t\t\t<h1 style=\"margin: 0px 0px 10px; padding: 0px; caret-color: #676a6c; color: #676a6c; font-family: Roboto, sans-serif; font-size: 15px;\"><strong><span style=\"color: #424242;\">Angaben gem\u00e4\u00df \u00a7 5 TMG&nbsp;<\/span><\/strong><\/h1>\n<p><\/p>\n<p style=\"margin: 0px 0px 10px; padding: 0px; caret-color: #676a6c; color: #676a6c; font-family: Roboto, sans-serif; font-size: 15px;\"><span style=\"color: #424242;\">F\u00fcr den Inhaltlich verantwortlich gem\u00e4\u00df \u00a7 55 RStV<\/span><\/p>\n<p style=\"margin: 0px 0px 10px; padding: 0px; caret-color: #676a6c; color: #676a6c; font-family: Roboto, sans-serif; font-size: 15px; line-height: 1;\"><span style=\"color: #424242;\">Internationale Fritz Kreisler Gesellschaft<\/span><\/p>\n<p><\/p>\n<p style=\"margin: 0px 0px 10px; padding: 0px; caret-color: #676a6c; color: #676a6c; font-family: Roboto, sans-serif; font-size: 15px; line-height: 1;\"><span style=\"color: #424242;\">Postfach 76<\/span><\/p>\n<p style=\"margin: 0px 0px 10px; padding: 0px; caret-color: #676a6c; color: #676a6c; font-family: Roboto, sans-serif; font-size: 15px; line-height: 1;\"><span style=\"color: #424242;\">A-1030 Wien<\/span><\/p>\n<p style=\"margin: 0px 0px 10px; padding: 0px; caret-color: #676a6c; color: #676a6c; font-family: Roboto, sans-serif; font-size: 15px; line-height: 1;\"><span style=\"color: #424242;\">\u00d6sterreich<\/span><span style=\"color: #424242;\">&nbsp;<\/span><\/p>\n<p><\/p>\n<p style=\"margin: 0px 0px 10px; padding: 0px; caret-color: #676a6c; color: #676a6c; font-family: Roboto, sans-serif; font-size: 15px;\"><span style=\"color: #424242;\"><strong>E-Mail:<\/strong> office(@)fritzkreisler.com<\/span><\/p>\n<p style=\"margin: 0px 0px 10px; padding: 0px; caret-color: #676a6c; color: #676a6c; font-family: Roboto, sans-serif; font-size: 15px;\"><strong><span style=\"color: #424242;\">Rechtsform und Vertretung:&nbsp;<\/span><\/strong><\/p>\n<p style=\"margin: 0px 0px 10px; padding: 0px; caret-color: #676a6c; color: #676a6c; font-family: Roboto, sans-serif; font-size: 15px;\"><span style=\"color: #424242;\">Internationale Fritz Kreisler Gesellschaft ist eine rechtsf\u00e4hige Gesellschaft des b\u00fcrgerlichen Rechts, vertreten durch den Pr\u00e4sident Univ.Prof. DDr.h.c. Michael FRISCHENSCHLAGER<\/span><\/p>\n<p><\/p>\n<p style=\"margin: 0px 0px 10px; padding: 0px; caret-color: #676a6c; color: #676a6c; font-family: Roboto, sans-serif; font-size: 15px;\"><span style=\"color: #424242;\">Vereinsregisterzahl: 150562713<\/span><\/p>\n<p style=\"margin: 0px 0px 10px; padding: 0px; caret-color: #676a6c; color: #676a6c; font-family: Roboto, sans-serif; font-size: 15px; line-height: 1;\"><strong><span style=\"color: #424242;\">Webdesign\/Technische Umsetzung:&nbsp;<\/span><\/strong><\/p>\n<p style=\"margin: 0px 0px 10px; padding: 0px; caret-color: #676a6c; color: #676a6c; font-family: Roboto, sans-serif; font-size: 15px; line-height: 1;\"><em><span style=\"color: #424242;\">Mag.art Xenia Vargova | www.xen.vargov.com<br><\/span><\/em><em style=\"font-weight: var( --e-global-typography-text-font-weight ); text-align: var(--text-align);\"><span style=\"color: #424242;\">Yann Vilaca | yannvilaca.com&nbsp;&nbsp;<\/span><\/em><\/p>\t\t\t\t\t\t\t\t<\/div>\n\t\t\t\t<\/div>\n\t\t\t\t\t<\/div>\n\t\t\t\t<\/div>\n\t\t\t\t<\/div>","protected":false},"excerpt":{"rendered":"<p>IMPRESSUM Angaben gem\u00e4\u00df \u00a7 5 TMG&nbsp; F\u00fcr den Inhaltlich verantwortlich gem\u00e4\u00df \u00a7 55 RStV Internationale Fritz Kreisler Gesellschaft Postfach 76 A-1030 Wien \u00d6sterreich&nbsp; E-Mail: office(@)fritzkreisler.com Rechtsform und Vertretung:&nbsp; Internationale Fritz Kreisler Gesellschaft ist eine rechtsf\u00e4hige Gesellschaft des b\u00fcrgerlichen Rechts, vertreten durch den Pr\u00e4sident Univ.Prof. DDr.h.c. Michael FRISCHENSCHLAGER Vereinsregisterzahl: 150562713 Webdesign\/Technische Umsetzung:&nbsp; Mag.art Xenia Vargova | www.xen.vargov.comYann Vilaca | yannvilaca.com&nbsp;&nbsp;<\/p>","protected":false},"author":2,"featured_media":0,"parent":0,"menu_order":0,"comment_status":"closed","ping_status":"closed","template":"","meta":{"inline_featured_image":false,"_uag_custom_page_level_css":"","footnotes":""},"class_list":["post-374","page","type-page","status-publish","hentry"],"uagb_featured_image_src":{"full":false,"thumbnail":false,"medium":false,"medium_large":false,"large":false,"1536x1536":false,"2048x2048":false,"trp-custom-language-flag":false},"uagb_author_info":{"display_name":"Yann Vilaca","author_link":"https:\/\/fritzkreisler.com\/de\/author\/yann\/"},"uagb_comment_info":0,"uagb_excerpt":"IMPRESSUM Angaben gem\u00e4\u00df \u00a7 5 TMG&nbsp; F\u00fcr den Inhaltlich verantwortlich gem\u00e4\u00df \u00a7 55 RStV Internationale Fritz Kreisler Gesellschaft Postfach 76 A-1030 Wien \u00d6sterreich&nbsp; E-Mail: office(@)fritzkreisler.com Rechtsform und Vertretung:&nbsp; Internationale Fritz Kreisler Gesellschaft ist eine rechtsf\u00e4hige Gesellschaft des b\u00fcrgerlichen Rechts, vertreten durch den Pr\u00e4sident Univ.Prof. DDr.h.c. Michael FRISCHENSCHLAGER Vereinsregisterzahl: 150562713 Webdesign\/Technische Umsetzung:&nbsp; Mag.art Xenia Vargova |&hellip;","_links":{"self":[{"href":"https:\/\/fritzkreisler.com\/de\/wp-json\/wp\/v2\/pages\/374","targetHints":{"allow":["GET"]}}],"collection":[{"href":"https:\/\/fritzkreisler.com\/de\/wp-json\/wp\/v2\/pages"}],"about":[{"href":"https:\/\/fritzkreisler.com\/de\/wp-json\/wp\/v2\/types\/page"}],"author":[{"embeddable":true,"href":"https:\/\/fritzkreisler.com\/de\/wp-json\/wp\/v2\/users\/2"}],"replies":[{"embeddable":true,"href":"https:\/\/fritzkreisler.com\/de\/wp-json\/wp\/v2\/comments?post=374"}],"version-history":[{"count":17,"href":"https:\/\/fritzkreisler.com\/de\/wp-json\/wp\/v2\/pages\/374\/revisions"}],"predecessor-version":[{"id":1817,"href":"https:\/\/fritzkreisler.com\/de\/wp-json\/wp\/v2\/pages\/374\/revisions\/1817"}],"wp:attachment":[{"href":"https:\/\/fritzkreisler.com\/de\/wp-json\/wp\/v2\/media?parent=374"}],"curies":[{"name":"wp","href":"https:\/\/api.w.org\/{rel}","templated":true}]}}