{"id":862,"date":"2025-03-06T16:36:39","date_gmt":"2025-03-06T16:36:39","guid":{"rendered":"https:\/\/fritzkreisler.org\/?page_id=862"},"modified":"2025-04-08T17:34:57","modified_gmt":"2025-04-08T17:34:57","slug":"donate","status":"publish","type":"page","link":"https:\/\/fritzkreisler.com\/de\/donate\/","title":{"rendered":"Donate"},"content":{"rendered":"<div data-elementor-type=\"wp-page\" data-elementor-id=\"862\" class=\"elementor elementor-862\" data-elementor-settings=\"{&quot;ha_cmc_init_switcher&quot;:&quot;no&quot;}\">\n\t\t\t\t<div class=\"has_eae_slider elementor-element elementor-element-272edc9 e-flex e-con-boxed wpr-particle-no wpr-jarallax-no wpr-parallax-no wpr-sticky-section-no e-con e-parent\" data-eae-slider=\"56278\" data-id=\"272edc9\" data-element_type=\"container\" data-settings=\"{&quot;_ha_eqh_enable&quot;:false}\">\n\t\t\t\t\t<div class=\"e-con-inner\">\n\t\t<div class=\"has_eae_slider elementor-element elementor-element-2698cd6 e-con-full e-flex wpr-particle-no wpr-jarallax-no wpr-parallax-no wpr-sticky-section-no e-con e-child\" data-eae-slider=\"19078\" data-id=\"2698cd6\" data-element_type=\"container\" data-settings=\"{&quot;_ha_eqh_enable&quot;:false}\">\n\t\t\t\t<div class=\"elementor-element elementor-element-052f59e elementor-widget elementor-widget-heading\" data-id=\"052f59e\" data-element_type=\"widget\" data-widget_type=\"heading.default\">\n\t\t\t\t<div class=\"elementor-widget-container\">\n\t\t\t\t\t<h2 class=\"elementor-heading-title elementor-size-default\">SPENDEN<\/h2>\t\t\t\t<\/div>\n\t\t\t\t<\/div>\n\t\t\t\t<div class=\"elementor-element elementor-element-8fe87e5 elementor-widget-divider--view-line elementor-widget elementor-widget-divider\" data-id=\"8fe87e5\" data-element_type=\"widget\" data-widget_type=\"divider.default\">\n\t\t\t\t<div class=\"elementor-widget-container\">\n\t\t\t\t\t\t\t<div class=\"elementor-divider\">\n\t\t\t<span class=\"elementor-divider-separator\">\n\t\t\t\t\t\t<\/span>\n\t\t<\/div>\n\t\t\t\t\t\t<\/div>\n\t\t\t\t<\/div>\n\t\t\t\t<div class=\"elementor-element elementor-element-7890e46 elementor-widget elementor-widget-text-editor\" data-id=\"7890e46\" data-element_type=\"widget\" data-widget_type=\"text-editor.default\">\n\t\t\t\t<div class=\"elementor-widget-container\">\n\t\t\t\t\t\t\t\t\t<p>Die Fritz-Kreisler-Gesellschaft organisiert zum 10. Mal den Internationalen Fritz-Kreisler-Wettbewerb in Wien. Der Wettbewerb ist auf finanzielle Unterst\u00fctzung von Sponsoren und F\u00f6rderern angewiesen und wird nur durch diese Beitr\u00e4ge erm\u00f6glicht. Von 1932 bis 1938 verlieh Fritz Kreisler, selbst ein gro\u00dfer Philanthrop, j\u00e4hrlich den Fritz-Kreisler-Preis an den besten Violinensch\u00fcler der Wiener Musikakademie. Die F\u00f6rderung der n\u00e4chsten Generation von Violinisten lag ihm besonders am Herzen.<\/p><p>Falls Sie in Erw\u00e4gung ziehen, den Wettbewerb finanziell zu unterst\u00fctzen, z\u00f6gern Sie bitte nicht, uns zu kontaktieren. Wir sind dankbar f\u00fcr jede Spende, auch f\u00fcr kleine Beitr\u00e4ge, auf folgendes Bankkonto:<\/p><p><b>Fritz Kreisler Gesellschaft<\/b><\/p><p>ERSTE-Bank<br \/>1100 Wien, Am Belvedere 1<\/p><p>IBAN AT12 2011 1851 2578 5300<br \/>BIC: GIBAATWW<\/p>\t\t\t\t\t\t\t\t<\/div>\n\t\t\t\t<\/div>\n\t\t\t\t<\/div>\n\t\t\t\t\t<\/div>\n\t\t\t\t<\/div>\n\t\t\t\t<\/div>","protected":false},"excerpt":{"rendered":"<p>DONATE The Fritz Kreisler Society is organizing the International Fritz Kreisler Competition in Vienna for the 10th time. The competition is reliant on financial support from sponsors and funders, and it is only made possible by these contributions. From 1932 to 1938, Fritz Kreisler, a great philanthropist himself, awarded annually the Fritz Kreisler Prize to the best violin student of the Vienna Music Academy. Promoting the next generation of violinists was of great importance to him. If you are contemplating the possibility of financially supporting the competition, please do not hesitate to contact us. We are grateful for any given donations, including small contributions, to the following bank account: Fritz Kreisler Society ERSTE-Bank1100 Wien, Am Belvedere 1 IBAN AT12 2011 1851 2578 5300BIC: GIBAATWW<\/p>","protected":false},"author":1,"featured_media":0,"parent":0,"menu_order":0,"comment_status":"closed","ping_status":"closed","template":"","meta":{"inline_featured_image":false,"_uag_custom_page_level_css":"","footnotes":""},"class_list":["post-862","page","type-page","status-publish","hentry"],"uagb_featured_image_src":{"full":false,"thumbnail":false,"medium":false,"medium_large":false,"large":false,"1536x1536":false,"2048x2048":false,"trp-custom-language-flag":false},"uagb_author_info":{"display_name":"fritz.kreisler.competition","author_link":"https:\/\/fritzkreisler.com\/de\/author\/fritz-kreisler-competition\/"},"uagb_comment_info":0,"uagb_excerpt":"DONATE The Fritz Kreisler Society is organizing the International Fritz Kreisler Competition in Vienna for the 10th time. The competition is reliant on financial support from sponsors and funders, and it is only made possible by these contributions. From 1932 to 1938, Fritz Kreisler, a great philanthropist himself, awarded annually the Fritz Kreisler Prize to&hellip;","_links":{"self":[{"href":"https:\/\/fritzkreisler.com\/de\/wp-json\/wp\/v2\/pages\/862","targetHints":{"allow":["GET"]}}],"collection":[{"href":"https:\/\/fritzkreisler.com\/de\/wp-json\/wp\/v2\/pages"}],"about":[{"href":"https:\/\/fritzkreisler.com\/de\/wp-json\/wp\/v2\/types\/page"}],"author":[{"embeddable":true,"href":"https:\/\/fritzkreisler.com\/de\/wp-json\/wp\/v2\/users\/1"}],"replies":[{"embeddable":true,"href":"https:\/\/fritzkreisler.com\/de\/wp-json\/wp\/v2\/comments?post=862"}],"version-history":[{"count":19,"href":"https:\/\/fritzkreisler.com\/de\/wp-json\/wp\/v2\/pages\/862\/revisions"}],"predecessor-version":[{"id":2232,"href":"https:\/\/fritzkreisler.com\/de\/wp-json\/wp\/v2\/pages\/862\/revisions\/2232"}],"wp:attachment":[{"href":"https:\/\/fritzkreisler.com\/de\/wp-json\/wp\/v2\/media?parent=862"}],"curies":[{"name":"wp","href":"https:\/\/api.w.org\/{rel}","templated":true}]}}